{"id":3219,"date":"2021-12-13T17:19:06","date_gmt":"2021-12-13T16:19:06","guid":{"rendered":"https:\/\/dev.tritor.it\/?page_id=3219"},"modified":"2022-02-28T17:55:12","modified_gmt":"2022-02-28T16:55:12","slug":"ils-parlent-de-nous","status":"publish","type":"page","link":"https:\/\/dev.tritor.it\/fr\/ils-parlent-de-nous\/","title":{"rendered":"ILS PARLENT DE NOUS"},"content":{"rendered":"<p><div class=\"fusion-fullwidth fullwidth-box fusion-builder-row-1 fusion-flex-container fusion-parallax-none nonhundred-percent-fullwidth non-hundred-percent-height-scrolling\" style=\"--awb-border-radius-top-left:0px;--awb-border-radius-top-right:0px;--awb-border-radius-bottom-right:0px;--awb-border-radius-bottom-left:0px;--awb-padding-top:45px;--awb-background-color:#eeeeee;--awb-background-image:linear-gradient(180deg, rgba(255,255,255,0.91) 0%,rgba(255,255,255,0.91) 100%),url(https:\/\/dev.tritor.it\/wp-content\/uploads\/2021\/09\/DSC_0183.jpg);;--awb-background-size:cover;--awb-flex-wrap:wrap;\" ><div class=\"fusion-builder-row fusion-row fusion-flex-align-items-flex-start fusion-flex-justify-content-center fusion-flex-content-wrap\" style=\"max-width:calc( 1180px + 0px );margin-left: calc(-0px \/ 2 );margin-right: calc(-0px \/ 2 );\"><div class=\"fusion-layout-column fusion_builder_column fusion-builder-column-0 fusion_builder_column_2_3 2_3 fusion-flex-column fusion-animated\" style=\"--awb-bg-size:cover;--awb-width-large:66.666666666667%;--awb-margin-top-large:85px;--awb-spacing-right-large:0px;--awb-margin-bottom-large:60px;--awb-spacing-left-large:0px;--awb-width-medium:100%;--awb-spacing-right-medium:0px;--awb-spacing-left-medium:0px;--awb-width-small:100%;--awb-spacing-right-small:0px;--awb-spacing-left-small:0px;\" data-animationType=\"zoomIn\" data-animationDuration=\"0.9\" data-animationOffset=\"top-into-view\"><div class=\"fusion-column-wrapper fusion-flex-justify-content-flex-start fusion-content-layout-column\"><div class=\"fusion-title title fusion-title-1 fusion-sep-none fusion-title-center fusion-title-text fusion-title-size-one\"><h1 class=\"fusion-title-heading title-heading-center fusion-responsive-typography-calculated\" style=\"margin:0;--fontSize:68;line-height:1.05;\"><span style=\"color: #333645;\"><b>ILS PARLENT DE NOUS<br \/>\n<\/b><br \/>\n<\/span><\/h1><\/div><div class=\"fusion-separator\" style=\"align-self: center;margin-left: auto;margin-right: auto;margin-top:16px;margin-bottom:36px;width:100%;max-width:24%;\"><div class=\"fusion-separator-border sep-single\" style=\"--awb-height:20px;--awb-amount:20px;border-color:#5e6276;border-top-width:2px;\"><\/div><\/div><\/div><\/div><div class=\"fusion-layout-column fusion_builder_column fusion-builder-column-1 fusion_builder_column_1_1 1_1 fusion-flex-column\" style=\"--awb-bg-blend:overlay;--awb-bg-size:cover;--awb-width-large:100%;--awb-margin-top-large:0px;--awb-spacing-right-large:0px;--awb-margin-bottom-large:0px;--awb-spacing-left-large:0px;--awb-width-medium:100%;--awb-spacing-right-medium:0px;--awb-spacing-left-medium:0px;--awb-width-small:100%;--awb-spacing-right-small:0px;--awb-spacing-left-small:0px;\"><div class=\"fusion-column-wrapper fusion-flex-justify-content-center fusion-content-layout-column\"><div class=\"fusion-section-separator section-separator big-half-circle fusion-section-separator-1\" style=\"--awb-spacer-height:99px;--awb-svg-margin-left:0px;--awb-svg-margin-right:0px;--awb-svg-margin-left-medium:0px;--awb-svg-margin-right-medium:0px;--awb-svg-margin-left-small:0px;--awb-svg-margin-right-small:0px;--awb-divider-height:99px;--awb-spacer-padding-top:inherit;--awb-sep-padding:0;--awb-svg-padding:0;\"><div class=\"fusion-section-separator-svg\"><svg class=\"fusion-big-half-circle-candy\" xmlns=\"http:\/\/www.w3.org\/2000\/svg\" version=\"1.1\" width=\"100%\" height=\"100\" viewBox=\"0 0 100 100\" preserveAspectRatio=\"none\" fill=\"rgba(51,54,69,1)\"><path d=\"M0 100 C40 0 60 0 100 100 Z\"><\/path><\/svg><\/div><div class=\"fusion-section-separator-spacer\"><div class=\"fusion-section-separator-spacer-height\"><\/div><\/div><\/div><\/div><\/div><\/div><\/div><div class=\"fusion-fullwidth fullwidth-box fusion-builder-row-2 fusion-flex-container fusion-parallax-none nonhundred-percent-fullwidth non-hundred-percent-height-scrolling\" style=\"--awb-border-radius-top-left:0px;--awb-border-radius-top-right:0px;--awb-border-radius-bottom-right:0px;--awb-border-radius-bottom-left:0px;--awb-padding-top:40px;--awb-padding-bottom:70px;--awb-background-color:#333645;--awb-background-image:linear-gradient(180deg, #333645 0%,rgba(51,54,69,0.75) 100%),url(https:\/\/dev.tritor.it\/wp-content\/uploads\/2021\/09\/DSC_0087.jpg);;--awb-background-size:cover;--awb-flex-wrap:wrap;\" ><div class=\"fusion-builder-row fusion-row fusion-flex-align-items-stretch fusion-flex-justify-content-center fusion-flex-content-wrap\" style=\"max-width:1227.2px;margin-left: calc(-4% \/ 2 );margin-right: calc(-4% \/ 2 );\"><div class=\"fusion-layout-column fusion_builder_column fusion-builder-column-2 fusion_builder_column_2_3 2_3 fusion-flex-column fusion-animated\" style=\"--awb-bg-size:cover;--awb-width-large:66.666666666667%;--awb-margin-top-large:80px;--awb-spacing-right-large:2.88%;--awb-margin-bottom-large:60px;--awb-spacing-left-large:2.88%;--awb-width-medium:100%;--awb-spacing-right-medium:1.92%;--awb-spacing-left-medium:1.92%;--awb-width-small:100%;--awb-spacing-right-small:1.92%;--awb-spacing-left-small:1.92%;\" data-animationType=\"zoomIn\" data-animationDuration=\"0.9\" data-animationOffset=\"top-into-view\"><div class=\"fusion-column-wrapper fusion-flex-justify-content-flex-start fusion-content-layout-column\"><div class=\"fusion-title title fusion-title-2 fusion-sep-none fusion-title-center fusion-title-text fusion-title-size-two\" style=\"--awb-margin-top:0px;\"><h2 class=\"fusion-title-heading title-heading-center fusion-responsive-typography-calculated\" style=\"margin:0;--fontSize:44;line-height:1.05;\"><strong>TRITOR<\/strong> EST D\u00c9J\u00c0 UN SUCC\u00c8S<\/h2><\/div><div class=\"fusion-separator\" style=\"align-self: center;margin-left: auto;margin-right: auto;margin-top:16px;margin-bottom:36px;width:100%;max-width:24%;\"><div class=\"fusion-separator-border sep-single\" style=\"--awb-height:20px;--awb-amount:20px;border-color:#5e6276;border-top-width:2px;\"><\/div><\/div><div class=\"fusion-text fusion-text-1\" style=\"--awb-text-color:#ffffff;\"><p style=\"text-align: center;\">La technologie TRITOR est op\u00e9rationnelle et a d\u00e9j\u00e0 \u00e9t\u00e9 test\u00e9e avec succ\u00e8s directement sur les sites de traitement de diff\u00e9rents types d&#8217;entreprises publiques et priv\u00e9es.<\/p>\n<p style=\"text-align: center;\">Ceux qui l&#8217;ont d\u00e9j\u00e0 adopt\u00e9 le recommandent avec enthousiasme.<br \/>Vous trouverez ci-dessous un recueil des principaux t\u00e9moignages.<\/p>\n<p style=\"text-align: center;\"><span style=\"font-weight: 400;\">Ceux qui en ont d\u00e9j\u00e0 entendu parler ont h\u00e2te de l&#8217;essayer.<\/span><\/p>\n<p style=\"text-align: center;\"><em><strong> Vous trouverez ci-dessous un recueil des principaux t\u00e9moignages.<\/strong><\/em><\/p>\n<\/div><\/div><\/div><div class=\"fusion-layout-column fusion_builder_column fusion-builder-column-3 fusion_builder_column_1_2 1_2 fusion-flex-column fusion-animated\" style=\"--awb-bg-size:cover;--awb-width-large:50%;--awb-margin-top-large:15px;--awb-spacing-right-large:3.84%;--awb-margin-bottom-large:15px;--awb-spacing-left-large:3.84%;--awb-width-medium:100%;--awb-spacing-right-medium:1.92%;--awb-spacing-left-medium:1.92%;--awb-width-small:100%;--awb-spacing-right-small:1.92%;--awb-spacing-left-small:1.92%;\" data-animationType=\"zoomIn\" data-animationDuration=\"0.9\" data-animationOffset=\"top-into-view\"><div class=\"fusion-column-wrapper fusion-flex-justify-content-center fusion-content-layout-column\"><div class=\"fusion-image-element \" style=\"--awb-caption-title-font-family:var(--h2_typography-font-family);--awb-caption-title-font-weight:var(--h2_typography-font-weight);--awb-caption-title-font-style:var(--h2_typography-font-style);--awb-caption-title-size:var(--h2_typography-font-size);--awb-caption-title-transform:var(--h2_typography-text-transform);--awb-caption-title-line-height:var(--h2_typography-line-height);--awb-caption-title-letter-spacing:var(--h2_typography-letter-spacing);\"><span class=\" fusion-imageframe imageframe-none imageframe-1 hover-type-none\"><img decoding=\"async\" width=\"1000\" height=\"662\" title=\"newstritor102021\" src=\"https:\/\/dev.tritor.it\/wp-content\/uploads\/2021\/11\/newstritor102021.jpg\" alt class=\"img-responsive wp-image-3164\" srcset=\"https:\/\/dev.tritor.it\/wp-content\/uploads\/2021\/11\/newstritor102021-200x132.jpg 200w, https:\/\/dev.tritor.it\/wp-content\/uploads\/2021\/11\/newstritor102021-400x265.jpg 400w, https:\/\/dev.tritor.it\/wp-content\/uploads\/2021\/11\/newstritor102021-600x397.jpg 600w, https:\/\/dev.tritor.it\/wp-content\/uploads\/2021\/11\/newstritor102021-800x530.jpg 800w, https:\/\/dev.tritor.it\/wp-content\/uploads\/2021\/11\/newstritor102021.jpg 1000w\" sizes=\"(max-width: 1000px) 100vw, (max-width: 640px) 100vw, 600px\" \/><\/span><\/div><\/div><\/div><div class=\"fusion-layout-column fusion_builder_column fusion-builder-column-4 fusion_builder_column_1_2 1_2 fusion-flex-column fusion-flex-align-self-flex-start fusion-column-inner-bg-wrapper fusion-animated\" style=\"--awb-inner-bg-size:cover;--awb-width-large:50%;--awb-margin-top-large:15px;--awb-spacing-right-large:3.84%;--awb-margin-bottom-large:15px;--awb-spacing-left-large:3.84%;--awb-width-medium:100%;--awb-order-medium:0;--awb-spacing-right-medium:1.92%;--awb-spacing-left-medium:1.92%;--awb-width-small:100%;--awb-order-small:0;--awb-spacing-right-small:1.92%;--awb-spacing-left-small:1.92%;\" data-animationType=\"zoomIn\" data-animationDuration=\"0.9\" data-animationOffset=\"top-into-view\"><span class=\"fusion-column-inner-bg hover-type-none\"><a class=\"fusion-column-anchor\" href=\"https:\/\/dev.tritor.it\/srr-impianti-cl4-caltanissetta-installato-il-primo-impianto-4g-in-sicilia\/\"><span class=\"fusion-column-inner-bg-image\"><\/span><\/a><\/span><div class=\"fusion-column-wrapper fusion-column-has-shadow fusion-flex-justify-content-flex-start fusion-content-layout-column\"><div class=\"fusion-title title fusion-title-3 fusion-sep-none fusion-title-text fusion-title-size-two\" style=\"--awb-margin-top:0px;\"><h2 class=\"fusion-title-heading title-heading-left fusion-responsive-typography-calculated\" style=\"margin:0;--fontSize:44;line-height:1.05;\"><strong>Syst\u00e8mes SRR CL4 Caltanissetta<\/strong> : installation du premier syst\u00e8me 4G en Sicile.<\/h2><\/div><div class=\"fusion-text fusion-text-2\" style=\"--awb-text-color:#ffffff;\"><p>Gela est la ville de la premi\u00e8re installation Tritor en Sicile : un projet innovant qui vise \u00ab z\u00e9ro d\u00e9chet dans les d\u00e9charges \u00bb. L&#8217;usine, install\u00e9e dans un module 4G, traitera \u00e0 la fois la sous-d\u00e9pouille MSW provenant de leur usine TMB pour la production de MSWS (terre de couverture des d\u00e9charges) et la fraction du surplus pour la production de CSS certifi\u00e9 \u00e0 envoyer pour la valorisation \u00e9nerg\u00e9tique. Ce serait la premi\u00e8re usine publique sicilienne qui produirait du CSS certifi\u00e9 dans le plein esprit des politiques de transition \u00e9nerg\u00e9tique.<br \/>Un syst\u00e8me tr\u00e8s innovant qui permettra \u00e0 l&#8217;usine de ne mettre en d\u00e9charge aucune partie des d\u00e9chets de la collecte des municipalit\u00e9s g\u00e9r\u00e9es par SRR CL4 Caltanissetta.<\/p>\n<\/div><\/div><\/div><div class=\"fusion-layout-column fusion_builder_column fusion-builder-column-5 fusion_builder_column_1_2 1_2 fusion-flex-column fusion-flex-align-self-flex-start fusion-column-inner-bg-wrapper fusion-animated\" style=\"--awb-inner-bg-size:cover;--awb-width-large:50%;--awb-margin-top-large:15px;--awb-spacing-right-large:3.84%;--awb-margin-bottom-large:15px;--awb-spacing-left-large:3.84%;--awb-width-medium:100%;--awb-order-medium:0;--awb-spacing-right-medium:1.92%;--awb-spacing-left-medium:1.92%;--awb-width-small:100%;--awb-order-small:0;--awb-spacing-right-small:1.92%;--awb-spacing-left-small:1.92%;\" data-animationType=\"zoomIn\" data-animationDuration=\"0.9\" data-animationOffset=\"top-into-view\"><span class=\"fusion-column-inner-bg hover-type-none\"><a class=\"fusion-column-anchor\" href=\"https:\/\/dev.tritor.it\/tritor-la-tecnologia-che-trasforma-i-rifiuti-in-un-combustibile-ecologico\/\"><span class=\"fusion-column-inner-bg-image\"><\/span><\/a><\/span><div class=\"fusion-column-wrapper fusion-column-has-shadow fusion-flex-justify-content-flex-start fusion-content-layout-column\"><div class=\"fusion-title title fusion-title-4 fusion-sep-none fusion-title-text fusion-title-size-two\" style=\"--awb-margin-top:0px;\"><h2 class=\"fusion-title-heading title-heading-left fusion-responsive-typography-calculated\" style=\"margin:0;--fontSize:44;line-height:1.05;\"><strong>TRITOR<\/strong> : la technologie qui transforme les d\u00e9chets en combustible \u00e9cologique<\/h2><\/div><div class=\"fusion-text fusion-text-3\" style=\"--awb-text-color:#ffffff;\"><p>La technologie TRITOR nous offre un syst\u00e8me r\u00e9volutionnaire capable de g\u00e9rer diff\u00e9rents types de d\u00e9chets : indiff\u00e9renci\u00e9s, fraction s\u00e8che et organique, boues. Il s&#8217;agit du Tritor, un brevet industriel : d&#8217;une part, il permet une r\u00e9duction de volume jusqu&#8217;\u00e0 70 % ; d&#8217;autre part, elle exploite le produit de la transformation pour produire de l&#8217;\u00e9nergie avec une source de combustible puissant, mais surtout \u00e9cologique.<\/p>\n<\/div><\/div><\/div><div class=\"fusion-layout-column fusion_builder_column fusion-builder-column-6 fusion_builder_column_1_2 1_2 fusion-flex-column fusion-animated\" style=\"--awb-bg-size:cover;--awb-width-large:50%;--awb-margin-top-large:15px;--awb-spacing-right-large:3.84%;--awb-margin-bottom-large:15px;--awb-spacing-left-large:3.84%;--awb-width-medium:100%;--awb-spacing-right-medium:1.92%;--awb-spacing-left-medium:1.92%;--awb-width-small:100%;--awb-spacing-right-small:1.92%;--awb-spacing-left-small:1.92%;\" data-animationType=\"zoomIn\" data-animationDuration=\"0.9\" data-animationOffset=\"top-into-view\"><div class=\"fusion-column-wrapper fusion-flex-justify-content-center fusion-content-layout-column\"><div class=\"fusion-image-element \" style=\"--awb-caption-title-font-family:var(--h2_typography-font-family);--awb-caption-title-font-weight:var(--h2_typography-font-weight);--awb-caption-title-font-style:var(--h2_typography-font-style);--awb-caption-title-size:var(--h2_typography-font-size);--awb-caption-title-transform:var(--h2_typography-text-transform);--awb-caption-title-line-height:var(--h2_typography-line-height);--awb-caption-title-letter-spacing:var(--h2_typography-letter-spacing);\"><span class=\" fusion-imageframe imageframe-none imageframe-2 hover-type-none\"><img decoding=\"async\" width=\"1000\" height=\"662\" title=\"DSC_0010\" src=\"https:\/\/dev.tritor.it\/wp-content\/uploads\/2021\/09\/DSC_0010.jpg\" alt class=\"img-responsive wp-image-2869\" srcset=\"https:\/\/dev.tritor.it\/wp-content\/uploads\/2021\/09\/DSC_0010-200x132.jpg 200w, https:\/\/dev.tritor.it\/wp-content\/uploads\/2021\/09\/DSC_0010-400x265.jpg 400w, https:\/\/dev.tritor.it\/wp-content\/uploads\/2021\/09\/DSC_0010-600x397.jpg 600w, https:\/\/dev.tritor.it\/wp-content\/uploads\/2021\/09\/DSC_0010-800x530.jpg 800w, https:\/\/dev.tritor.it\/wp-content\/uploads\/2021\/09\/DSC_0010.jpg 1000w\" sizes=\"(max-width: 1000px) 100vw, (max-width: 640px) 100vw, 600px\" \/><\/span><\/div><\/div><\/div><\/div><\/div><\/p>\n","protected":false},"excerpt":{"rendered":"","protected":false},"author":1,"featured_media":0,"parent":0,"menu_order":0,"comment_status":"closed","ping_status":"closed","template":"100-width.php","meta":{"footnotes":""},"class_list":["post-3219","page","type-page","status-publish","hentry"],"_links":{"self":[{"href":"https:\/\/dev.tritor.it\/fr\/wp-json\/wp\/v2\/pages\/3219","targetHints":{"allow":["GET"]}}],"collection":[{"href":"https:\/\/dev.tritor.it\/fr\/wp-json\/wp\/v2\/pages"}],"about":[{"href":"https:\/\/dev.tritor.it\/fr\/wp-json\/wp\/v2\/types\/page"}],"author":[{"embeddable":true,"href":"https:\/\/dev.tritor.it\/fr\/wp-json\/wp\/v2\/users\/1"}],"replies":[{"embeddable":true,"href":"https:\/\/dev.tritor.it\/fr\/wp-json\/wp\/v2\/comments?post=3219"}],"version-history":[{"count":6,"href":"https:\/\/dev.tritor.it\/fr\/wp-json\/wp\/v2\/pages\/3219\/revisions"}],"predecessor-version":[{"id":3434,"href":"https:\/\/dev.tritor.it\/fr\/wp-json\/wp\/v2\/pages\/3219\/revisions\/3434"}],"wp:attachment":[{"href":"https:\/\/dev.tritor.it\/fr\/wp-json\/wp\/v2\/media?parent=3219"}],"curies":[{"name":"wp","href":"https:\/\/api.w.org\/{rel}","templated":true}]}}