{"id":3211,"date":"2021-12-13T17:06:16","date_gmt":"2021-12-13T16:06:16","guid":{"rendered":"https:\/\/dev.tritor.it\/?page_id=3211"},"modified":"2021-12-13T17:16:04","modified_gmt":"2021-12-13T16:16:04","slug":"tritor-energy","status":"publish","type":"page","link":"https:\/\/dev.tritor.it\/fr\/tritor-energy\/","title":{"rendered":"Tritor Energy"},"content":{"rendered":"<p><div class=\"fusion-fullwidth fullwidth-box fusion-builder-row-1 fusion-flex-container fusion-parallax-none nonhundred-percent-fullwidth non-hundred-percent-height-scrolling\" style=\"--awb-border-radius-top-left:0px;--awb-border-radius-top-right:0px;--awb-border-radius-bottom-right:0px;--awb-border-radius-bottom-left:0px;--awb-padding-top:45px;--awb-background-color:#eeeeee;--awb-background-image:linear-gradient(180deg, rgba(255,255,255,0.8) 0%,rgba(255,255,255,0.8) 100%),url(https:\/\/dev.tritor.it\/wp-content\/uploads\/2021\/05\/8.jpg);;--awb-background-size:cover;--awb-flex-wrap:wrap;\" ><div class=\"fusion-builder-row fusion-row fusion-flex-align-items-flex-start fusion-flex-justify-content-center fusion-flex-content-wrap\" style=\"max-width:calc( 1180px + 0px );margin-left: calc(-0px \/ 2 );margin-right: calc(-0px \/ 2 );\"><div class=\"fusion-layout-column fusion_builder_column fusion-builder-column-0 fusion_builder_column_2_3 2_3 fusion-flex-column fusion-animated\" style=\"--awb-bg-size:cover;--awb-width-large:66.666666666667%;--awb-margin-top-large:85px;--awb-spacing-right-large:0px;--awb-margin-bottom-large:60px;--awb-spacing-left-large:0px;--awb-width-medium:100%;--awb-spacing-right-medium:0px;--awb-spacing-left-medium:0px;--awb-width-small:100%;--awb-spacing-right-small:0px;--awb-spacing-left-small:0px;\" data-animationType=\"zoomIn\" data-animationDuration=\"0.9\" data-animationOffset=\"top-into-view\"><div class=\"fusion-column-wrapper fusion-flex-justify-content-flex-start fusion-content-layout-column\"><div class=\"fusion-title title fusion-title-1 fusion-sep-none fusion-title-center fusion-title-text fusion-title-size-one\"><h1 class=\"fusion-title-heading title-heading-center fusion-responsive-typography-calculated\" style=\"margin:0;--fontSize:68;line-height:1.05;\"><strong><span style=\"color: #333645;\">TRITOR ENERGY<\/span><\/strong><\/h1><\/div><div class=\"fusion-separator\" style=\"align-self: center;margin-left: auto;margin-right: auto;margin-top:16px;margin-bottom:36px;width:100%;max-width:24%;\"><div class=\"fusion-separator-border sep-single\" style=\"--awb-height:20px;--awb-amount:20px;border-color:#5e6276;border-top-width:2px;\"><\/div><\/div><\/div><\/div><div class=\"fusion-layout-column fusion_builder_column fusion-builder-column-1 fusion_builder_column_1_1 1_1 fusion-flex-column\" style=\"--awb-bg-blend:overlay;--awb-bg-size:cover;--awb-width-large:100%;--awb-margin-top-large:0px;--awb-spacing-right-large:0px;--awb-margin-bottom-large:0px;--awb-spacing-left-large:0px;--awb-width-medium:100%;--awb-spacing-right-medium:0px;--awb-spacing-left-medium:0px;--awb-width-small:100%;--awb-spacing-right-small:0px;--awb-spacing-left-small:0px;\"><div class=\"fusion-column-wrapper fusion-flex-justify-content-center fusion-content-layout-column\"><div class=\"fusion-section-separator section-separator big-half-circle fusion-section-separator-1\" style=\"--awb-spacer-height:99px;--awb-svg-margin-left:0px;--awb-svg-margin-right:0px;--awb-svg-margin-left-medium:0px;--awb-svg-margin-right-medium:0px;--awb-svg-margin-left-small:0px;--awb-svg-margin-right-small:0px;--awb-divider-height:99px;--awb-spacer-padding-top:inherit;--awb-sep-padding:0;--awb-svg-padding:0;\"><div class=\"fusion-section-separator-svg\"><svg class=\"fusion-big-half-circle-candy\" xmlns=\"http:\/\/www.w3.org\/2000\/svg\" version=\"1.1\" width=\"100%\" height=\"100\" viewBox=\"0 0 100 100\" preserveAspectRatio=\"none\" fill=\"rgba(255,255,255,1)\"><path d=\"M0 100 C40 0 60 0 100 100 Z\"><\/path><\/svg><\/div><div class=\"fusion-section-separator-spacer\"><div class=\"fusion-section-separator-spacer-height\"><\/div><\/div><\/div><\/div><\/div><\/div><\/div><div class=\"fusion-fullwidth fullwidth-box fusion-builder-row-2 fusion-flex-container nonhundred-percent-fullwidth non-hundred-percent-height-scrolling\" style=\"--awb-border-radius-top-left:0px;--awb-border-radius-top-right:0px;--awb-border-radius-bottom-right:0px;--awb-border-radius-bottom-left:0px;--awb-padding-top:0px;--awb-padding-right:7%;--awb-padding-bottom:0px;--awb-padding-left:7%;--awb-background-color:#ffffff;--awb-flex-wrap:wrap;\" ><div class=\"fusion-builder-row fusion-row fusion-flex-align-items-flex-start fusion-flex-content-wrap\" style=\"max-width:1227.2px;margin-left: calc(-4% \/ 2 );margin-right: calc(-4% \/ 2 );\"><div class=\"fusion-layout-column fusion_builder_column fusion-builder-column-2 fusion_builder_column_1_1 1_1 fusion-flex-column\" style=\"--awb-bg-size:cover;--awb-width-large:100%;--awb-margin-top-large:0px;--awb-spacing-right-large:9.6%;--awb-margin-bottom-large:0px;--awb-spacing-left-large:9.6%;--awb-width-medium:100%;--awb-spacing-right-medium:1.92%;--awb-margin-bottom-medium:24px;--awb-spacing-left-medium:1.92%;--awb-width-small:100%;--awb-spacing-right-small:1.92%;--awb-spacing-left-small:1.92%;\"><div class=\"fusion-column-wrapper fusion-flex-justify-content-flex-start fusion-content-layout-column\"><div class=\"fusion-image-element \" style=\"text-align:center;--awb-margin-top:20px;--awb-margin-bottom:20px;--awb-max-width:450px;--awb-caption-title-font-family:var(--h2_typography-font-family);--awb-caption-title-font-weight:var(--h2_typography-font-weight);--awb-caption-title-font-style:var(--h2_typography-font-style);--awb-caption-title-size:var(--h2_typography-font-size);--awb-caption-title-transform:var(--h2_typography-text-transform);--awb-caption-title-line-height:var(--h2_typography-line-height);--awb-caption-title-letter-spacing:var(--h2_typography-letter-spacing);\"><span class=\" fusion-imageframe imageframe-none imageframe-1 hover-type-none\"><img decoding=\"async\" width=\"1749\" height=\"685\" title=\"TritorEnergy_logo_ESE-01\" src=\"https:\/\/dev.tritor.it\/wp-content\/uploads\/2021\/10\/TritorEnergy_logo_ESE-01.png\" alt class=\"img-responsive wp-image-3022\" srcset=\"https:\/\/dev.tritor.it\/wp-content\/uploads\/2021\/10\/TritorEnergy_logo_ESE-01-200x78.png 200w, https:\/\/dev.tritor.it\/wp-content\/uploads\/2021\/10\/TritorEnergy_logo_ESE-01-400x157.png 400w, https:\/\/dev.tritor.it\/wp-content\/uploads\/2021\/10\/TritorEnergy_logo_ESE-01-600x235.png 600w, https:\/\/dev.tritor.it\/wp-content\/uploads\/2021\/10\/TritorEnergy_logo_ESE-01-800x313.png 800w, https:\/\/dev.tritor.it\/wp-content\/uploads\/2021\/10\/TritorEnergy_logo_ESE-01-1200x470.png 1200w, https:\/\/dev.tritor.it\/wp-content\/uploads\/2021\/10\/TritorEnergy_logo_ESE-01.png 1749w\" sizes=\"(max-width: 1000px) 100vw, (max-width: 640px) 100vw, 1200px\" \/><\/span><\/div><div class=\"fusion-title title fusion-title-2 fusion-sep-none fusion-title-center fusion-title-text fusion-title-size-two\" style=\"--awb-text-color:#58585a;--awb-margin-top:0px;\"><h2 class=\"fusion-title-heading title-heading-center fusion-responsive-typography-calculated\" style=\"margin:0;--fontSize:44;line-height:1.05;\"><p style=\"text-align: center;\">Une marque de qualit\u00e9<\/p><\/h2><\/div><div class=\"fusion-separator\" style=\"align-self: center;margin-left: auto;margin-right: auto;margin-top:16px;margin-bottom:36px;width:100%;max-width:24%;\"><div class=\"fusion-separator-border sep-single\" style=\"--awb-height:20px;--awb-amount:20px;border-color:#5e6276;border-top-width:2px;\"><\/div><\/div><\/div><\/div><\/div><\/div><div class=\"fusion-fullwidth fullwidth-box fusion-builder-row-3 fusion-flex-container nonhundred-percent-fullwidth non-hundred-percent-height-scrolling\" style=\"--awb-border-radius-top-left:0px;--awb-border-radius-top-right:0px;--awb-border-radius-bottom-right:0px;--awb-border-radius-bottom-left:0px;--awb-padding-top:0px;--awb-padding-right:7%;--awb-padding-bottom:0px;--awb-padding-left:7%;--awb-background-color:#ffffff;--awb-flex-wrap:wrap;\" ><div class=\"fusion-builder-row fusion-row fusion-flex-align-items-flex-start fusion-flex-content-wrap\" style=\"max-width:1227.2px;margin-left: calc(-4% \/ 2 );margin-right: calc(-4% \/ 2 );\"><div class=\"fusion-layout-column fusion_builder_column fusion-builder-column-3 fusion_builder_column_1_1 1_1 fusion-flex-column\" style=\"--awb-bg-size:cover;--awb-width-large:100%;--awb-margin-top-large:0px;--awb-spacing-right-large:9.6%;--awb-margin-bottom-large:0px;--awb-spacing-left-large:9.6%;--awb-width-medium:100%;--awb-spacing-right-medium:1.92%;--awb-margin-bottom-medium:24px;--awb-spacing-left-medium:1.92%;--awb-width-small:100%;--awb-spacing-right-small:1.92%;--awb-spacing-left-small:1.92%;\"><div class=\"fusion-column-wrapper fusion-flex-justify-content-flex-start fusion-content-layout-column\"><div class=\"fusion-text fusion-text-1\" style=\"--awb-text-color:#000000;\"><p><span style=\"font-weight: 400;\">La transition \u00e9nerg\u00e9tique est une matrice dynamique de processus qui r\u00e9pond \u00e0 un besoin d&#8217;att\u00e9nuation du changement climatique, g\u00e9n\u00e9rant les opportunit\u00e9s r\u00e9sultant d&#8217;un changement de paradigme. La transition \u00e9nerg\u00e9tique se configure comme un d\u00e9fi ambitieux et repr\u00e9sente, en m\u00eame temps, un moteur d&#8217;innovation aussi bien au niveau techno-industriel que socio-\u00e9conomique.<\/span><\/p>\n<p><span style=\"font-weight: 400;\">ILe CSS est d\u00e9fini par l&#8217;art. 183, paragraphe 1, lettre cc), du d\u00e9cret l\u00e9gislatif 152\/2006, Code de l&#8217;environnement, tel que le combustible solide produit \u00e0 partir de d\u00e9chets non dangereux, qui est conforme aux caract\u00e9ristiques de classification et de sp\u00e9cification identifi\u00e9es dans la norme technique UNI EN 15359.<\/span><\/p>\n<p>Concr\u00e8tement, le CSS provient principalement du traitement des DSM indiff\u00e9renci\u00e9s (D\u00e9chets Solides Urbains), une fraction qui, dans l&#8217;\u00e9tat actuel des technologies disponibles pour la gestion des d\u00e9chets, ne peut \u00eatre ni r\u00e9-utilis\u00e9e ni valoris\u00e9e.<\/p>\n<p>Ainsi, la co-combustion de CSS dans les fours de production de ciment permet de boucler de mani\u00e8re vertueuse le cycle de la collecte s\u00e9lective.<\/p>\n<p>Les MSW indiff\u00e9renci\u00e9s, afin d&#8217;\u00eatre class\u00e9s comme CSS et ensuite valoris\u00e9s \u00e9nerg\u00e9tiquement dans la cimenterie, subissent une s\u00e9rie de traitements physiques et chimiques. Il est r\u00e9duit en quantit\u00e9 gr\u00e2ce \u00e0 la biostabilisation, qui \u00e9limine la charge bact\u00e9rienne et l&#8217;humidit\u00e9 r\u00e9siduelle, am\u00e9liorant ainsi le pouvoir calorifique du carburant. Les d\u00e9chets sont ensuite d\u00e9-ferris\u00e9s et nettoy\u00e9s de la mati\u00e8re inerte pr\u00e9sente (la fraction m\u00e9tallique est r\u00e9cup\u00e9r\u00e9e) et sont enfin d\u00e9-chlor\u00e9s et finement broy\u00e9s pour am\u00e9liorer la cin\u00e9tique de combustion, am\u00e9liorant ainsi le profil d&#8217;\u00e9mission. Il en r\u00e9sulte un combustible noble \u00e0 tous \u00e9gards, qui apporte les calories n\u00e9cessaires \u00e0 la fabrication du clinker, principal constituant du ciment.<\/p>\n<p>La norme UNI EN 15359 classe le CSS sur la base des valeurs limites assum\u00e9es par trois param\u00e8tres importants du carburant, strat\u00e9giques d&#8217;un point de vue environnemental, technologique et performance\/\u00e9conomique:<\/p>\n<ul>\n<li style=\"font-weight: 400;\" aria-level=\"1\">La valeur moyenne du pouvoir calorifique inf\u00e9rieur &#8211; PCI (param\u00e8tre commercial)<\/li>\n<li style=\"font-weight: 400;\" aria-level=\"1\">La valeur moyenne de la teneur en chlore (param\u00e8tre de processus)<\/li>\n<li style=\"font-weight: 400;\" aria-level=\"1\">La valeur de la m\u00e9diane et du 80e centile de la teneur en mercure (param\u00e8tre environnemental)<\/li>\n<\/ul>\n<p>Selon les valeurs suppos\u00e9es, ces param\u00e8tres entrent dans l&#8217;une des classes, allant de 1 \u00e0 5, identifi\u00e9es par la norme. La combinaison des num\u00e9ros de classe des trois param\u00e8tres d\u00e9finit le \u00ab code de classe \u00bb du CSS, qui doit \u00eatre inclus dans la sp\u00e9cification du carburant.<br \/>Une \u00e9tude r\u00e9cente du Laboratoire de recherche REF a fait une estimation des avantages qui seraient obtenus en Italie en appliquant un taux de remplacement de 66% de combustible fossile par CSS-Combustibile, en ligne avec celui obtenu en 2017 par l&#8217;Allemagne. L&#8217;\u00e9tude a montr\u00e9 que l&#8217;\u00e9mission de 6,8 millions de tonnes \u00e9quivalent CO2 dans l&#8217;atmosph\u00e8re serait \u00e9vit\u00e9e gr\u00e2ce \u00e0 la biomasse qu&#8217;ils contiennent et les \u00e9missions de m\u00e9thane \u00e9vit\u00e9es du fait que les d\u00e9chets, au lieu d&#8217;\u00eatre envoy\u00e9s en d\u00e9charge, sont valoris\u00e9s \u00e9nerg\u00e9tiquement dans l\u2019industrie du ciment.<br \/>Au regard des avantages sociaux et \u00e9conomiques, le soutien \u00e0 la fermeture du cycle des d\u00e9chets offert par les cimenteries pr\u00e9sentes sur le territoire national, \u00e0 travers la co-combustion du CSS, repr\u00e9sente \u00e9galement un b\u00e9n\u00e9fice pour les collectivit\u00e9s, puisqu&#8217;il diminue gestion des d\u00e9chets municipaux, qui affecte directement la taxe support\u00e9e par les usagers.<br \/>Toujours au regard des co\u00fbts \u00e9nerg\u00e9tiques et donc en faveur de la comp\u00e9titivit\u00e9 des entreprises, l&#8217;utilisation du CSS r\u00e9duit consid\u00e9rablement le co\u00fbt des calories utilis\u00e9es pour la cuisson du clinker, par rapport \u00e0 l&#8217;utilisation d&#8217;\u00e9nergies fossiles.<\/p>\n<p style=\"text-align: center;\">C&#8217;est dans ce contexte qu&#8217;est n\u00e9 TRITOR ENERGY, un label de qualit\u00e9 qui place les d\u00e9chets trait\u00e9s avec la technologie Tritor reconnaissables par rapport aux autres CSS produits avec des technologies beaucoup moins performantes en termes de production et de qualit\u00e9 du produit fini.<\/p>\n<\/div><\/div><\/div><\/div><\/div><div class=\"fusion-fullwidth fullwidth-box fusion-builder-row-4 fusion-flex-container nonhundred-percent-fullwidth non-hundred-percent-height-scrolling\" style=\"--awb-border-radius-top-left:0px;--awb-border-radius-top-right:0px;--awb-border-radius-bottom-right:0px;--awb-border-radius-bottom-left:0px;--awb-padding-top:0px;--awb-padding-bottom:70px;--awb-background-color:#ffffff;--awb-flex-wrap:wrap;\" ><div class=\"fusion-builder-row fusion-row fusion-flex-align-items-flex-start fusion-flex-justify-content-center fusion-flex-content-wrap\" style=\"max-width:1227.2px;margin-left: calc(-4% \/ 2 );margin-right: calc(-4% \/ 2 );\"><div class=\"fusion-layout-column fusion_builder_column fusion-builder-column-4 fusion_builder_column_1_1 1_1 fusion-flex-column\" style=\"--awb-bg-size:cover;--awb-width-large:100%;--awb-margin-top-large:15px;--awb-spacing-right-large:1.92%;--awb-margin-bottom-large:15px;--awb-spacing-left-large:1.92%;--awb-width-medium:100%;--awb-order-medium:0;--awb-spacing-right-medium:1.92%;--awb-spacing-left-medium:1.92%;--awb-width-small:100%;--awb-order-small:0;--awb-spacing-right-small:1.92%;--awb-spacing-left-small:1.92%;\"><div class=\"fusion-column-wrapper fusion-column-has-shadow fusion-flex-justify-content-flex-start fusion-content-layout-column\"><div class=\"fusion-text fusion-text-2\" style=\"--awb-text-color:#000000;\"><p style=\"text-align: center;\">Les d\u00e9chets deviennent ainsi une Ressource car ils peuvent \u00eatre transform\u00e9s en d&#8217;excellents combustibles, \u00e0 utiliser par exemple dans :<\/p>\n<\/div><\/div><\/div><div class=\"fusion-layout-column fusion_builder_column fusion-builder-column-5 fusion_builder_column_1_4 1_4 fusion-flex-column\" style=\"--awb-bg-size:cover;--awb-width-large:25%;--awb-margin-top-large:15px;--awb-spacing-right-large:7.68%;--awb-margin-bottom-large:45px;--awb-spacing-left-large:7.68%;--awb-width-medium:100%;--awb-spacing-right-medium:1.92%;--awb-margin-bottom-medium:24px;--awb-spacing-left-medium:1.92%;--awb-width-small:50%;--awb-spacing-right-small:3.84%;--awb-spacing-left-small:3.84%;\"><div class=\"fusion-column-wrapper fusion-flex-justify-content-flex-start fusion-content-layout-column\"><div class=\"fusion-lottie fusion-lottie-1\" data-id=\"1\"><div class=\"fusion-lottie-animation\" data-path=\"https:\/\/dev.tritor.it\/wp-content\/uploads\/2021\/09\/cemento.json\" data-loop=\"0\" data-reverse=\"0\" data-speed=\"1\" data-trigger=\"none\"><lottie-player speed=\"1\"><\/lottie-player><\/div><\/div><div class=\"fusion-title title fusion-title-3 fusion-title-center fusion-title-text fusion-title-size-two\" style=\"--awb-text-color:#58585a;--awb-font-size:25px;\"><div class=\"title-sep-container title-sep-container-left\"><div class=\"title-sep sep-single sep-solid\" style=\"border-color:#5e6276;\"><\/div><\/div><span class=\"awb-title-spacer\"><\/span><h2 class=\"fusion-title-heading title-heading-center fusion-responsive-typography-calculated\" style=\"font-family:&quot;Raleway&quot;;font-style:normal;font-weight:700;margin:0;font-size:1em;--fontSize:25;--minFontSize:25;line-height:1.05;\">Cimenteries<\/h2><span class=\"awb-title-spacer\"><\/span><div class=\"title-sep-container title-sep-container-right\"><div class=\"title-sep sep-single sep-solid\" style=\"border-color:#5e6276;\"><\/div><\/div><\/div><\/div><\/div><div class=\"fusion-layout-column fusion_builder_column fusion-builder-column-6 fusion_builder_column_1_4 1_4 fusion-flex-column\" style=\"--awb-bg-size:cover;--awb-width-large:25%;--awb-margin-top-large:15px;--awb-spacing-right-large:7.68%;--awb-margin-bottom-large:45px;--awb-spacing-left-large:7.68%;--awb-width-medium:100%;--awb-spacing-right-medium:1.92%;--awb-margin-bottom-medium:24px;--awb-spacing-left-medium:1.92%;--awb-width-small:50%;--awb-spacing-right-small:3.84%;--awb-spacing-left-small:3.84%;\"><div class=\"fusion-column-wrapper fusion-flex-justify-content-flex-start fusion-content-layout-column\"><div class=\"fusion-lottie fusion-lottie-2\" data-id=\"2\"><div class=\"fusion-lottie-animation\" data-path=\"https:\/\/dev.tritor.it\/wp-content\/uploads\/2021\/09\/industrie-energia.json\" data-loop=\"0\" data-reverse=\"0\" data-speed=\"1.0\" data-trigger=\"none\"><lottie-player speed=\"1.0\"><\/lottie-player><\/div><\/div><div class=\"fusion-title title fusion-title-4 fusion-title-center fusion-title-text fusion-title-size-two\" style=\"--awb-text-color:#58585a;--awb-font-size:25px;\"><div class=\"title-sep-container title-sep-container-left\"><div class=\"title-sep sep-single sep-solid\" style=\"border-color:#5e6276;\"><\/div><\/div><span class=\"awb-title-spacer\"><\/span><h2 class=\"fusion-title-heading title-heading-center fusion-responsive-typography-calculated\" style=\"font-family:&quot;Raleway&quot;;font-style:normal;font-weight:700;margin:0;font-size:1em;--fontSize:25;--minFontSize:25;line-height:1.05;\">Industries \u00e9nergivores<\/h2><span class=\"awb-title-spacer\"><\/span><div class=\"title-sep-container title-sep-container-right\"><div class=\"title-sep sep-single sep-solid\" style=\"border-color:#5e6276;\"><\/div><\/div><\/div><\/div><\/div><div class=\"fusion-layout-column fusion_builder_column fusion-builder-column-7 fusion_builder_column_1_4 1_4 fusion-flex-column\" style=\"--awb-bg-size:cover;--awb-width-large:25%;--awb-margin-top-large:15px;--awb-spacing-right-large:7.68%;--awb-margin-bottom-large:45px;--awb-spacing-left-large:7.68%;--awb-width-medium:100%;--awb-spacing-right-medium:1.92%;--awb-margin-bottom-medium:24px;--awb-spacing-left-medium:1.92%;--awb-width-small:50%;--awb-spacing-right-small:3.84%;--awb-spacing-left-small:3.84%;\"><div class=\"fusion-column-wrapper fusion-flex-justify-content-flex-start fusion-content-layout-column\"><div class=\"fusion-lottie fusion-lottie-3\" data-id=\"3\"><div class=\"fusion-lottie-animation\" data-path=\"https:\/\/dev.tritor.it\/wp-content\/uploads\/2021\/09\/centrale-elettrica.json\" data-loop=\"0\" data-reverse=\"0\" data-speed=\"1\" data-trigger=\"none\"><lottie-player speed=\"1\"><\/lottie-player><\/div><\/div><div class=\"fusion-title title fusion-title-5 fusion-title-center fusion-title-text fusion-title-size-two\" style=\"--awb-text-color:#58585a;--awb-font-size:25px;\"><div class=\"title-sep-container title-sep-container-left\"><div class=\"title-sep sep-single sep-solid\" style=\"border-color:#5e6276;\"><\/div><\/div><span class=\"awb-title-spacer\"><\/span><h2 class=\"fusion-title-heading title-heading-center fusion-responsive-typography-calculated\" style=\"font-family:&quot;Raleway&quot;;font-style:normal;font-weight:700;margin:0;font-size:1em;--fontSize:25;--minFontSize:25;line-height:1.05;\"><b>Centrales \u00e9lectriques<\/b><\/h2><span class=\"awb-title-spacer\"><\/span><div class=\"title-sep-container title-sep-container-right\"><div class=\"title-sep sep-single sep-solid\" style=\"border-color:#5e6276;\"><\/div><\/div><\/div><\/div><\/div><div class=\"fusion-layout-column fusion_builder_column fusion-builder-column-8 fusion_builder_column_1_4 1_4 fusion-flex-column\" style=\"--awb-bg-size:cover;--awb-width-large:25%;--awb-margin-top-large:15px;--awb-spacing-right-large:7.68%;--awb-margin-bottom-large:45px;--awb-spacing-left-large:7.68%;--awb-width-medium:100%;--awb-spacing-right-medium:1.92%;--awb-margin-bottom-medium:24px;--awb-spacing-left-medium:1.92%;--awb-width-small:50%;--awb-spacing-right-small:3.84%;--awb-spacing-left-small:3.84%;\"><div class=\"fusion-column-wrapper fusion-flex-justify-content-flex-start fusion-content-layout-column\"><div class=\"fusion-lottie fusion-lottie-4\" data-id=\"4\" style=\"--awb-margin-bottom:30px;\"><div class=\"fusion-lottie-animation\" data-path=\"https:\/\/dev.tritor.it\/wp-content\/uploads\/2021\/09\/agricoltura.json\" data-loop=\"0\" data-reverse=\"0\" data-speed=\"1\" data-trigger=\"none\"><lottie-player speed=\"1\"><\/lottie-player><\/div><\/div><div class=\"fusion-title title fusion-title-6 fusion-sep-none fusion-title-center fusion-title-text fusion-title-size-two\" style=\"--awb-text-color:#58585a;--awb-font-size:25px;\"><h2 class=\"fusion-title-heading title-heading-center fusion-responsive-typography-calculated\" style=\"font-family:&quot;Raleway&quot;;font-style:normal;font-weight:700;margin:0;font-size:1em;--fontSize:25;--minFontSize:25;line-height:1.05;\">Les industries Agricole<\/h2><\/div><\/div><\/div><\/div><\/div><\/p>\n","protected":false},"excerpt":{"rendered":"","protected":false},"author":1,"featured_media":0,"parent":0,"menu_order":0,"comment_status":"closed","ping_status":"closed","template":"100-width.php","meta":{"footnotes":""},"class_list":["post-3211","page","type-page","status-publish","hentry"],"_links":{"self":[{"href":"https:\/\/dev.tritor.it\/fr\/wp-json\/wp\/v2\/pages\/3211","targetHints":{"allow":["GET"]}}],"collection":[{"href":"https:\/\/dev.tritor.it\/fr\/wp-json\/wp\/v2\/pages"}],"about":[{"href":"https:\/\/dev.tritor.it\/fr\/wp-json\/wp\/v2\/types\/page"}],"author":[{"embeddable":true,"href":"https:\/\/dev.tritor.it\/fr\/wp-json\/wp\/v2\/users\/1"}],"replies":[{"embeddable":true,"href":"https:\/\/dev.tritor.it\/fr\/wp-json\/wp\/v2\/comments?post=3211"}],"version-history":[{"count":3,"href":"https:\/\/dev.tritor.it\/fr\/wp-json\/wp\/v2\/pages\/3211\/revisions"}],"predecessor-version":[{"id":3218,"href":"https:\/\/dev.tritor.it\/fr\/wp-json\/wp\/v2\/pages\/3211\/revisions\/3218"}],"wp:attachment":[{"href":"https:\/\/dev.tritor.it\/fr\/wp-json\/wp\/v2\/media?parent=3211"}],"curies":[{"name":"wp","href":"https:\/\/api.w.org\/{rel}","templated":true}]}}