{"id":3184,"date":"2021-12-13T16:28:45","date_gmt":"2021-12-13T15:28:45","guid":{"rendered":"https:\/\/dev.tritor.it\/?page_id=3184"},"modified":"2021-12-13T16:32:49","modified_gmt":"2021-12-13T15:32:49","slug":"le-fonctionnement","status":"publish","type":"page","link":"https:\/\/dev.tritor.it\/fr\/le-fonctionnement\/","title":{"rendered":"LE FONCTIONNEMENT"},"content":{"rendered":"<p><div class=\"fusion-fullwidth fullwidth-box fusion-builder-row-1 fusion-flex-container fusion-parallax-none nonhundred-percent-fullwidth non-hundred-percent-height-scrolling\" style=\"--awb-border-radius-top-left:0px;--awb-border-radius-top-right:0px;--awb-border-radius-bottom-right:0px;--awb-border-radius-bottom-left:0px;--awb-padding-top:45px;--awb-background-color:#eeeeee;--awb-background-image:linear-gradient(180deg, rgba(255,255,255,0.8) 0%,rgba(255,255,255,0.8) 100%),url(https:\/\/dev.tritor.it\/wp-content\/uploads\/2021\/05\/8.jpg);;--awb-background-size:cover;--awb-flex-wrap:wrap;\" ><div class=\"fusion-builder-row fusion-row fusion-flex-align-items-flex-start fusion-flex-justify-content-center fusion-flex-content-wrap\" style=\"max-width:calc( 1180px + 0px );margin-left: calc(-0px \/ 2 );margin-right: calc(-0px \/ 2 );\"><div class=\"fusion-layout-column fusion_builder_column fusion-builder-column-0 fusion_builder_column_2_3 2_3 fusion-flex-column fusion-animated\" style=\"--awb-bg-size:cover;--awb-width-large:66.666666666667%;--awb-margin-top-large:85px;--awb-spacing-right-large:0px;--awb-margin-bottom-large:60px;--awb-spacing-left-large:0px;--awb-width-medium:100%;--awb-spacing-right-medium:0px;--awb-spacing-left-medium:0px;--awb-width-small:100%;--awb-spacing-right-small:0px;--awb-spacing-left-small:0px;\" data-animationType=\"zoomIn\" data-animationDuration=\"0.9\" data-animationOffset=\"top-into-view\"><div class=\"fusion-column-wrapper fusion-flex-justify-content-flex-start fusion-content-layout-column\"><div class=\"fusion-title title fusion-title-1 fusion-sep-none fusion-title-center fusion-title-text fusion-title-size-one\"><h1 class=\"fusion-title-heading title-heading-center fusion-responsive-typography-calculated\" style=\"margin:0;--fontSize:68;line-height:1.05;\"><strong><span style=\"color: #333645;\">LE FONCTIONNEMENT<\/span><\/strong><\/h1><\/div><div class=\"fusion-separator\" style=\"align-self: center;margin-left: auto;margin-right: auto;margin-top:16px;margin-bottom:36px;width:100%;max-width:24%;\"><div class=\"fusion-separator-border sep-single\" style=\"--awb-height:20px;--awb-amount:20px;border-color:#5e6276;border-top-width:2px;\"><\/div><\/div><\/div><\/div><div class=\"fusion-layout-column fusion_builder_column fusion-builder-column-1 fusion_builder_column_1_1 1_1 fusion-flex-column\" style=\"--awb-bg-blend:overlay;--awb-bg-size:cover;--awb-width-large:100%;--awb-margin-top-large:0px;--awb-spacing-right-large:0px;--awb-margin-bottom-large:0px;--awb-spacing-left-large:0px;--awb-width-medium:100%;--awb-spacing-right-medium:0px;--awb-spacing-left-medium:0px;--awb-width-small:100%;--awb-spacing-right-small:0px;--awb-spacing-left-small:0px;\"><div class=\"fusion-column-wrapper fusion-flex-justify-content-center fusion-content-layout-column\"><div class=\"fusion-section-separator section-separator big-half-circle fusion-section-separator-1\" style=\"--awb-spacer-height:99px;--awb-svg-margin-left:0px;--awb-svg-margin-right:0px;--awb-svg-margin-left-medium:0px;--awb-svg-margin-right-medium:0px;--awb-svg-margin-left-small:0px;--awb-svg-margin-right-small:0px;--awb-divider-height:99px;--awb-spacer-padding-top:inherit;--awb-sep-padding:0;--awb-svg-padding:0;\"><div class=\"fusion-section-separator-svg\"><svg class=\"fusion-big-half-circle-candy\" xmlns=\"http:\/\/www.w3.org\/2000\/svg\" version=\"1.1\" width=\"100%\" height=\"100\" viewBox=\"0 0 100 100\" preserveAspectRatio=\"none\" fill=\"rgba(255,255,255,1)\"><path d=\"M0 100 C40 0 60 0 100 100 Z\"><\/path><\/svg><\/div><div class=\"fusion-section-separator-spacer\"><div class=\"fusion-section-separator-spacer-height\"><\/div><\/div><\/div><\/div><\/div><\/div><\/div><div class=\"fusion-fullwidth fullwidth-box fusion-builder-row-2 fusion-flex-container hundred-percent-fullwidth non-hundred-percent-height-scrolling\" style=\"--awb-border-radius-top-left:0px;--awb-border-radius-top-right:0px;--awb-border-radius-bottom-right:0px;--awb-border-radius-bottom-left:0px;--awb-padding-top:0px;--awb-padding-right:7%;--awb-padding-bottom:0px;--awb-padding-left:7%;--awb-background-color:#ffffff;--awb-flex-wrap:wrap;\" ><div class=\"fusion-builder-row fusion-row fusion-flex-align-items-flex-start fusion-flex-content-wrap\" style=\"width:104% !important;max-width:104% !important;margin-left: calc(-4% \/ 2 );margin-right: calc(-4% \/ 2 );\"><div class=\"fusion-layout-column fusion_builder_column fusion-builder-column-2 fusion_builder_column_1_1 1_1 fusion-flex-column\" style=\"--awb-bg-size:cover;--awb-width-large:100%;--awb-margin-top-large:0px;--awb-spacing-right-large:9.6%;--awb-margin-bottom-large:0px;--awb-spacing-left-large:9.6%;--awb-width-medium:100%;--awb-spacing-right-medium:1.92%;--awb-margin-bottom-medium:24px;--awb-spacing-left-medium:1.92%;--awb-width-small:100%;--awb-spacing-right-small:1.92%;--awb-spacing-left-small:1.92%;\"><div class=\"fusion-column-wrapper fusion-flex-justify-content-flex-start fusion-content-layout-column\"><div class=\"fusion-title title fusion-title-2 fusion-sep-none fusion-title-center fusion-title-text fusion-title-size-two\" style=\"--awb-text-color:#58585a;--awb-margin-top:0px;\"><h2 class=\"fusion-title-heading title-heading-center fusion-responsive-typography-calculated\" style=\"margin:0;--fontSize:44;line-height:1.05;\">UN M\u00c9CANISME SIMPLE MAIS PR\u00c9CIS <br \/>POUR UN <strong>R\u00c9SULTAT GARANTI<\/strong><\/h2><\/div><div class=\"fusion-separator\" style=\"align-self: center;margin-left: auto;margin-right: auto;margin-top:16px;margin-bottom:36px;width:100%;max-width:24%;\"><div class=\"fusion-separator-border sep-single\" style=\"--awb-height:20px;--awb-amount:20px;border-color:#5e6276;border-top-width:2px;\"><\/div><\/div><div class=\"fusion-text fusion-text-1\" style=\"--awb-text-color:#000000;\"><p style=\"text-align: center;\"><span style=\"font-weight: 400;\">L&#8217;action de micronisation et de s\u00e9chage sur laquelle repose le syst\u00e8me <strong>TRITOR<\/strong> s&#8217;effectue par friction et impact, gr\u00e2ce \u00e0 des billes d&#8217;acier, activ\u00e9es par les marteaux \u00e0 l&#8217;int\u00e9rieur du pot de traitement, qui exercent une pression si forte qu&#8217;elle brise instantan\u00e9ment les mat\u00e9riaux, d\u00e9truisant la flore bact\u00e9rienne, \u00e9liminant les bact\u00e9ries, les mauvaises odeurs et contribuant \u00e0 la d\u00e9shydratation.<\/span><\/p>\n<p style=\"text-align: center;\"><span style=\"font-weight: 400;\">Voyons mieux comment cela fonctionne.<\/span><\/p>\n<\/div><\/div><\/div><div class=\"fusion-layout-column fusion_builder_column fusion-builder-column-3 fusion_builder_column_1_4 1_4 fusion-flex-column fusion-animated\" style=\"--awb-bg-size:cover;--awb-width-large:25%;--awb-margin-top-large:45px;--awb-spacing-right-large:11.52%;--awb-margin-bottom-large:45px;--awb-spacing-left-large:7.68%;--awb-width-medium:100%;--awb-spacing-right-medium:1.92%;--awb-spacing-left-medium:1.92%;--awb-width-small:100%;--awb-spacing-right-small:1.92%;--awb-spacing-left-small:1.92%;\" data-animationType=\"slideInUp\" data-animationDuration=\"0.5\" data-animationOffset=\"top-into-view\"><div class=\"fusion-column-wrapper fusion-flex-justify-content-flex-start fusion-content-layout-column\"><div class=\"fusion-text fusion-text-2\" style=\"--awb-font-size:35px;\"><p style=\"text-align: center;\"><strong>A<\/strong><\/p>\n<\/div><div class=\"fusion-image-element \" style=\"text-align:center;--awb-margin-top:20px;--awb-margin-bottom:20px;--awb-caption-title-font-family:var(--h2_typography-font-family);--awb-caption-title-font-weight:var(--h2_typography-font-weight);--awb-caption-title-font-style:var(--h2_typography-font-style);--awb-caption-title-size:var(--h2_typography-font-size);--awb-caption-title-transform:var(--h2_typography-text-transform);--awb-caption-title-line-height:var(--h2_typography-line-height);--awb-caption-title-letter-spacing:var(--h2_typography-letter-spacing);\"><span class=\" fusion-imageframe imageframe-none imageframe-1 hover-type-none\"><img decoding=\"async\" width=\"1684\" height=\"1191\" title=\"Icone_Sito_Tritor-01\" src=\"https:\/\/dev.tritor.it\/wp-content\/uploads\/2021\/10\/Icone_Sito_Tritor-01-1.png\" alt class=\"img-responsive wp-image-3017\" srcset=\"https:\/\/dev.tritor.it\/wp-content\/uploads\/2021\/10\/Icone_Sito_Tritor-01-1-200x141.png 200w, https:\/\/dev.tritor.it\/wp-content\/uploads\/2021\/10\/Icone_Sito_Tritor-01-1-400x283.png 400w, https:\/\/dev.tritor.it\/wp-content\/uploads\/2021\/10\/Icone_Sito_Tritor-01-1-600x424.png 600w, https:\/\/dev.tritor.it\/wp-content\/uploads\/2021\/10\/Icone_Sito_Tritor-01-1-800x566.png 800w, https:\/\/dev.tritor.it\/wp-content\/uploads\/2021\/10\/Icone_Sito_Tritor-01-1-1200x849.png 1200w, https:\/\/dev.tritor.it\/wp-content\/uploads\/2021\/10\/Icone_Sito_Tritor-01-1.png 1684w\" sizes=\"(max-width: 1000px) 100vw, (max-width: 640px) 100vw, 400px\" \/><\/span><\/div><div class=\"fusion-text fusion-text-3\"><p style=\"text-align: center;\"><span style=\"font-weight: 400;\">Les billes d&#8217;acier atteignent les fragments de mati\u00e8re et les entra\u00eenent vers la paroi du bocal \u00e0 une vitesse allant de 20 \u00e0 53 m\/s.<\/span><\/p>\n<\/div><\/div><\/div><div class=\"fusion-layout-column fusion_builder_column fusion-builder-column-4 fusion_builder_column_1_4 1_4 fusion-flex-column fusion-animated\" style=\"--awb-bg-size:cover;--awb-width-large:25%;--awb-margin-top-large:45px;--awb-spacing-right-large:11.52%;--awb-margin-bottom-large:45px;--awb-spacing-left-large:7.68%;--awb-width-medium:100%;--awb-spacing-right-medium:1.92%;--awb-spacing-left-medium:1.92%;--awb-width-small:100%;--awb-spacing-right-small:1.92%;--awb-spacing-left-small:1.92%;\" data-animationType=\"slideInUp\" data-animationDuration=\"0.5\" data-animationOffset=\"top-into-view\"><div class=\"fusion-column-wrapper fusion-flex-justify-content-flex-start fusion-content-layout-column\"><div class=\"fusion-text fusion-text-4\" style=\"--awb-font-size:35px;\"><p style=\"text-align: center;\"><strong>B<\/strong><\/p>\n<\/div><div class=\"fusion-image-element \" style=\"text-align:center;--awb-margin-top:20px;--awb-margin-bottom:20px;--awb-caption-title-font-family:var(--h2_typography-font-family);--awb-caption-title-font-weight:var(--h2_typography-font-weight);--awb-caption-title-font-style:var(--h2_typography-font-style);--awb-caption-title-size:var(--h2_typography-font-size);--awb-caption-title-transform:var(--h2_typography-text-transform);--awb-caption-title-line-height:var(--h2_typography-line-height);--awb-caption-title-letter-spacing:var(--h2_typography-letter-spacing);\"><span class=\" fusion-imageframe imageframe-none imageframe-2 hover-type-none\"><img decoding=\"async\" width=\"1685\" height=\"1191\" title=\"Icone_Sito_Tritor-02\" src=\"https:\/\/dev.tritor.it\/wp-content\/uploads\/2021\/10\/Icone_Sito_Tritor-02-1.png\" alt class=\"img-responsive wp-image-3011\" srcset=\"https:\/\/dev.tritor.it\/wp-content\/uploads\/2021\/10\/Icone_Sito_Tritor-02-1-200x141.png 200w, https:\/\/dev.tritor.it\/wp-content\/uploads\/2021\/10\/Icone_Sito_Tritor-02-1-400x283.png 400w, https:\/\/dev.tritor.it\/wp-content\/uploads\/2021\/10\/Icone_Sito_Tritor-02-1-600x424.png 600w, https:\/\/dev.tritor.it\/wp-content\/uploads\/2021\/10\/Icone_Sito_Tritor-02-1-800x565.png 800w, https:\/\/dev.tritor.it\/wp-content\/uploads\/2021\/10\/Icone_Sito_Tritor-02-1-1200x848.png 1200w, https:\/\/dev.tritor.it\/wp-content\/uploads\/2021\/10\/Icone_Sito_Tritor-02-1.png 1685w\" sizes=\"(max-width: 1000px) 100vw, (max-width: 640px) 100vw, 400px\" \/><\/span><\/div><div class=\"fusion-text fusion-text-5\"><p style=\"text-align: center;\"><span style=\"font-weight: 400;\">L&#8217;impact des sph\u00e8res \u00e9crase la mati\u00e8re, provoquant une expulsion imm\u00e9diate des liquides sous forme de vapeur, sans condensation.<\/span><\/p>\n<\/div><\/div><\/div><div class=\"fusion-layout-column fusion_builder_column fusion-builder-column-5 fusion_builder_column_1_4 1_4 fusion-flex-column fusion-animated\" style=\"--awb-bg-size:cover;--awb-width-large:25%;--awb-margin-top-large:45px;--awb-spacing-right-large:11.52%;--awb-margin-bottom-large:45px;--awb-spacing-left-large:7.68%;--awb-width-medium:100%;--awb-spacing-right-medium:1.92%;--awb-spacing-left-medium:1.92%;--awb-width-small:100%;--awb-spacing-right-small:1.92%;--awb-spacing-left-small:1.92%;\" data-animationType=\"slideInUp\" data-animationDuration=\"0.5\" data-animationOffset=\"top-into-view\"><div class=\"fusion-column-wrapper fusion-flex-justify-content-flex-start fusion-content-layout-column\"><div class=\"fusion-text fusion-text-6\" style=\"--awb-font-size:35px;\"><p style=\"text-align: center;\"><strong>C<\/strong><\/p>\n<\/div><div class=\"fusion-image-element \" style=\"text-align:center;--awb-margin-top:20px;--awb-margin-bottom:20px;--awb-caption-title-font-family:var(--h2_typography-font-family);--awb-caption-title-font-weight:var(--h2_typography-font-weight);--awb-caption-title-font-style:var(--h2_typography-font-style);--awb-caption-title-size:var(--h2_typography-font-size);--awb-caption-title-transform:var(--h2_typography-text-transform);--awb-caption-title-line-height:var(--h2_typography-line-height);--awb-caption-title-letter-spacing:var(--h2_typography-letter-spacing);\"><span class=\" fusion-imageframe imageframe-none imageframe-3 hover-type-none\"><img decoding=\"async\" width=\"1685\" height=\"1191\" title=\"Icone_Sito_Tritor-03\" src=\"https:\/\/dev.tritor.it\/wp-content\/uploads\/2021\/10\/Icone_Sito_Tritor-03-1.png\" alt class=\"img-responsive wp-image-3013\" srcset=\"https:\/\/dev.tritor.it\/wp-content\/uploads\/2021\/10\/Icone_Sito_Tritor-03-1-200x141.png 200w, https:\/\/dev.tritor.it\/wp-content\/uploads\/2021\/10\/Icone_Sito_Tritor-03-1-400x283.png 400w, https:\/\/dev.tritor.it\/wp-content\/uploads\/2021\/10\/Icone_Sito_Tritor-03-1-600x424.png 600w, https:\/\/dev.tritor.it\/wp-content\/uploads\/2021\/10\/Icone_Sito_Tritor-03-1-800x565.png 800w, https:\/\/dev.tritor.it\/wp-content\/uploads\/2021\/10\/Icone_Sito_Tritor-03-1-1200x848.png 1200w, https:\/\/dev.tritor.it\/wp-content\/uploads\/2021\/10\/Icone_Sito_Tritor-03-1.png 1685w\" sizes=\"(max-width: 1000px) 100vw, (max-width: 640px) 100vw, 400px\" \/><\/span><\/div><div class=\"fusion-text fusion-text-7\"><p style=\"text-align: center;\"><span style=\"font-weight: 400;\">La sph\u00e8re qui a provoqu\u00e9 l&#8217;expulsion de l&#8217;eau rebondit une autre fois vers le centre du pot. Le mat\u00e9riau se fragmente donc.<\/span><\/p>\n<\/div><\/div><\/div><div class=\"fusion-layout-column fusion_builder_column fusion-builder-column-6 fusion_builder_column_1_4 1_4 fusion-flex-column fusion-animated\" style=\"--awb-bg-size:cover;--awb-width-large:25%;--awb-margin-top-large:45px;--awb-spacing-right-large:11.52%;--awb-margin-bottom-large:45px;--awb-spacing-left-large:7.68%;--awb-width-medium:100%;--awb-spacing-right-medium:1.92%;--awb-spacing-left-medium:1.92%;--awb-width-small:100%;--awb-spacing-right-small:1.92%;--awb-spacing-left-small:1.92%;\" data-animationType=\"slideInUp\" data-animationDuration=\"0.5\" data-animationOffset=\"top-into-view\"><div class=\"fusion-column-wrapper fusion-flex-justify-content-flex-start fusion-content-layout-column\"><div class=\"fusion-text fusion-text-8\" style=\"--awb-font-size:35px;\"><p style=\"text-align: center;\"><strong>D<\/strong><\/p>\n<\/div><div class=\"fusion-image-element \" style=\"text-align:center;--awb-margin-top:20px;--awb-margin-bottom:20px;--awb-caption-title-font-family:var(--h2_typography-font-family);--awb-caption-title-font-weight:var(--h2_typography-font-weight);--awb-caption-title-font-style:var(--h2_typography-font-style);--awb-caption-title-size:var(--h2_typography-font-size);--awb-caption-title-transform:var(--h2_typography-text-transform);--awb-caption-title-line-height:var(--h2_typography-line-height);--awb-caption-title-letter-spacing:var(--h2_typography-letter-spacing);\"><span class=\" fusion-imageframe imageframe-none imageframe-4 hover-type-none\"><img decoding=\"async\" width=\"1685\" height=\"1191\" title=\"Icone_Sito_Tritor-04\" src=\"https:\/\/dev.tritor.it\/wp-content\/uploads\/2021\/10\/Icone_Sito_Tritor-04.png\" alt class=\"img-responsive wp-image-3007\" srcset=\"https:\/\/dev.tritor.it\/wp-content\/uploads\/2021\/10\/Icone_Sito_Tritor-04-200x141.png 200w, https:\/\/dev.tritor.it\/wp-content\/uploads\/2021\/10\/Icone_Sito_Tritor-04-400x283.png 400w, https:\/\/dev.tritor.it\/wp-content\/uploads\/2021\/10\/Icone_Sito_Tritor-04-600x424.png 600w, https:\/\/dev.tritor.it\/wp-content\/uploads\/2021\/10\/Icone_Sito_Tritor-04-800x565.png 800w, https:\/\/dev.tritor.it\/wp-content\/uploads\/2021\/10\/Icone_Sito_Tritor-04-1200x848.png 1200w, https:\/\/dev.tritor.it\/wp-content\/uploads\/2021\/10\/Icone_Sito_Tritor-04.png 1685w\" sizes=\"(max-width: 1000px) 100vw, (max-width: 640px) 100vw, 400px\" \/><\/span><\/div><div class=\"fusion-text fusion-text-9\"><p style=\"text-align: center;\"><span style=\"font-weight: 400;\">Avant que le mat\u00e9riau ne tombe au fond, une autre sph\u00e8re l\u2019atteint plus fort, obtenant ainsi une augmentation de temp\u00e9rature pouvant largement d\u00e9passer 100 \u00b0 C.<\/span><\/p>\n<\/div><\/div><\/div><\/div><\/div><div class=\"fusion-fullwidth fullwidth-box fusion-builder-row-3 fusion-flex-container nonhundred-percent-fullwidth non-hundred-percent-height-scrolling\" style=\"--awb-border-radius-top-left:0px;--awb-border-radius-top-right:0px;--awb-border-radius-bottom-right:0px;--awb-border-radius-bottom-left:0px;--awb-padding-top:0px;--awb-padding-bottom:70px;--awb-background-color:#ffffff;--awb-flex-wrap:wrap;\" ><div class=\"fusion-builder-row fusion-row fusion-flex-align-items-center fusion-flex-content-wrap\" style=\"max-width:1227.2px;margin-left: calc(-4% \/ 2 );margin-right: calc(-4% \/ 2 );\"><div class=\"fusion-layout-column fusion_builder_column fusion-builder-column-7 fusion_builder_column_1_2 1_2 fusion-flex-column fusion-flex-align-self-center\" style=\"--awb-bg-size:cover;--awb-width-large:50%;--awb-margin-top-large:15px;--awb-spacing-right-large:3.84%;--awb-margin-bottom-large:15px;--awb-spacing-left-large:3.84%;--awb-width-medium:100%;--awb-order-medium:0;--awb-spacing-right-medium:1.92%;--awb-spacing-left-medium:1.92%;--awb-width-small:100%;--awb-order-small:0;--awb-spacing-right-small:1.92%;--awb-spacing-left-small:1.92%;\"><div class=\"fusion-column-wrapper fusion-column-has-shadow fusion-flex-justify-content-flex-start fusion-content-layout-column\"><div class=\"fusion-builder-row fusion-builder-row-inner fusion-row fusion-flex-align-items-center fusion-flex-content-wrap\" style=\"width:104% !important;max-width:104% !important;margin-left: calc(-4% \/ 2 );margin-right: calc(-4% \/ 2 );\"><div class=\"fusion-layout-column fusion_builder_column_inner fusion-builder-nested-column-0 fusion_builder_column_inner_1_2 1_2 fusion-flex-column\" style=\"--awb-bg-size:cover;--awb-width-large:50%;--awb-margin-top-large:15px;--awb-spacing-right-large:3.84%;--awb-margin-bottom-large:15px;--awb-spacing-left-large:3.84%;--awb-width-medium:100%;--awb-order-medium:0;--awb-spacing-right-medium:1.92%;--awb-spacing-left-medium:1.92%;--awb-width-small:100%;--awb-order-small:0;--awb-spacing-right-small:1.92%;--awb-spacing-left-small:1.92%;\"><div class=\"fusion-column-wrapper fusion-column-has-shadow fusion-flex-justify-content-flex-start fusion-content-layout-column\"><div class=\"fusion-image-element \" style=\"--awb-caption-title-font-family:var(--h2_typography-font-family);--awb-caption-title-font-weight:var(--h2_typography-font-weight);--awb-caption-title-font-style:var(--h2_typography-font-style);--awb-caption-title-size:var(--h2_typography-font-size);--awb-caption-title-transform:var(--h2_typography-text-transform);--awb-caption-title-line-height:var(--h2_typography-line-height);--awb-caption-title-letter-spacing:var(--h2_typography-letter-spacing);\"><span class=\" fusion-imageframe imageframe-none imageframe-5 hover-type-none\"><img decoding=\"async\" width=\"386\" height=\"519\" title=\"1\" src=\"https:\/\/dev.tritor.it\/wp-content\/uploads\/2021\/05\/1.png\" alt class=\"img-responsive wp-image-2849\" srcset=\"https:\/\/dev.tritor.it\/wp-content\/uploads\/2021\/05\/1-200x269.png 200w, https:\/\/dev.tritor.it\/wp-content\/uploads\/2021\/05\/1.png 386w\" sizes=\"(max-width: 1000px) 100vw, (max-width: 640px) 100vw, 386px\" \/><\/span><\/div><\/div><\/div><div class=\"fusion-layout-column fusion_builder_column_inner fusion-builder-nested-column-1 fusion_builder_column_inner_1_2 1_2 fusion-flex-column\" style=\"--awb-bg-size:cover;--awb-width-large:50%;--awb-margin-top-large:15px;--awb-spacing-right-large:3.84%;--awb-margin-bottom-large:15px;--awb-spacing-left-large:3.84%;--awb-width-medium:100%;--awb-order-medium:0;--awb-spacing-right-medium:1.92%;--awb-spacing-left-medium:1.92%;--awb-width-small:100%;--awb-order-small:0;--awb-spacing-right-small:1.92%;--awb-spacing-left-small:1.92%;\"><div class=\"fusion-column-wrapper fusion-column-has-shadow fusion-flex-justify-content-flex-start fusion-content-layout-column\"><div class=\"fusion-image-element \" style=\"--awb-caption-title-font-family:var(--h2_typography-font-family);--awb-caption-title-font-weight:var(--h2_typography-font-weight);--awb-caption-title-font-style:var(--h2_typography-font-style);--awb-caption-title-size:var(--h2_typography-font-size);--awb-caption-title-transform:var(--h2_typography-text-transform);--awb-caption-title-line-height:var(--h2_typography-line-height);--awb-caption-title-letter-spacing:var(--h2_typography-letter-spacing);\"><span class=\" fusion-imageframe imageframe-none imageframe-6 hover-type-none\"><img decoding=\"async\" width=\"742\" height=\"506\" title=\"2\" src=\"https:\/\/dev.tritor.it\/wp-content\/uploads\/2021\/05\/2.png\" alt class=\"img-responsive wp-image-2851\" srcset=\"https:\/\/dev.tritor.it\/wp-content\/uploads\/2021\/05\/2-200x136.png 200w, https:\/\/dev.tritor.it\/wp-content\/uploads\/2021\/05\/2-400x273.png 400w, https:\/\/dev.tritor.it\/wp-content\/uploads\/2021\/05\/2-600x409.png 600w, https:\/\/dev.tritor.it\/wp-content\/uploads\/2021\/05\/2.png 742w\" sizes=\"(max-width: 1000px) 100vw, (max-width: 640px) 100vw, 600px\" \/><\/span><\/div><\/div><\/div><\/div><\/div><\/div><div class=\"fusion-layout-column fusion_builder_column fusion-builder-column-8 fusion_builder_column_1_2 1_2 fusion-flex-column\" style=\"--awb-bg-size:cover;--awb-width-large:50%;--awb-margin-top-large:15px;--awb-spacing-right-large:3.84%;--awb-margin-bottom-large:15px;--awb-spacing-left-large:3.84%;--awb-width-medium:100%;--awb-order-medium:0;--awb-spacing-right-medium:1.92%;--awb-spacing-left-medium:1.92%;--awb-width-small:100%;--awb-order-small:0;--awb-spacing-right-small:1.92%;--awb-spacing-left-small:1.92%;\"><div class=\"fusion-column-wrapper fusion-column-has-shadow fusion-flex-justify-content-flex-start fusion-content-layout-column\"><div class=\"fusion-text fusion-text-10\" style=\"--awb-text-color:#000000;\"><p style=\"text-align: center;\">Image interne du moulin r\u00e9alis\u00e9e avec le film sensible de Pressurex (www.sensorproducts.com) : les points en rose sont les points o\u00f9 les sph\u00e8res ont transf\u00e9r\u00e9 leur \u00e9nergie cin\u00e9tique, atteignant des pressions d&#8217;impact de plus de 200 MPa (2000 atmosph\u00e8res) ; \u00e0 droite, l&#8217;\u00e9chelle de gris de 0 \u00e0 200 MPa.<\/p>\n<\/div><\/div><\/div><\/div><\/div><\/p>\n","protected":false},"excerpt":{"rendered":"","protected":false},"author":1,"featured_media":0,"parent":0,"menu_order":0,"comment_status":"closed","ping_status":"closed","template":"100-width.php","meta":{"footnotes":""},"class_list":["post-3184","page","type-page","status-publish","hentry"],"_links":{"self":[{"href":"https:\/\/dev.tritor.it\/fr\/wp-json\/wp\/v2\/pages\/3184","targetHints":{"allow":["GET"]}}],"collection":[{"href":"https:\/\/dev.tritor.it\/fr\/wp-json\/wp\/v2\/pages"}],"about":[{"href":"https:\/\/dev.tritor.it\/fr\/wp-json\/wp\/v2\/types\/page"}],"author":[{"embeddable":true,"href":"https:\/\/dev.tritor.it\/fr\/wp-json\/wp\/v2\/users\/1"}],"replies":[{"embeddable":true,"href":"https:\/\/dev.tritor.it\/fr\/wp-json\/wp\/v2\/comments?post=3184"}],"version-history":[{"count":3,"href":"https:\/\/dev.tritor.it\/fr\/wp-json\/wp\/v2\/pages\/3184\/revisions"}],"predecessor-version":[{"id":3187,"href":"https:\/\/dev.tritor.it\/fr\/wp-json\/wp\/v2\/pages\/3184\/revisions\/3187"}],"wp:attachment":[{"href":"https:\/\/dev.tritor.it\/fr\/wp-json\/wp\/v2\/media?parent=3184"}],"curies":[{"name":"wp","href":"https:\/\/api.w.org\/{rel}","templated":true}]}}