{"id":4544,"date":"2023-10-16T13:27:07","date_gmt":"2023-10-16T11:27:07","guid":{"rendered":"https:\/\/dev.tritor.it\/?page_id=4544"},"modified":"2023-10-16T13:29:30","modified_gmt":"2023-10-16T11:29:30","slug":"ti-aspettiamo-a-ecomondo","status":"publish","type":"page","link":"https:\/\/dev.tritor.it\/es\/ti-aspettiamo-a-ecomondo\/","title":{"rendered":"TI ASPETTIAMO A ECOMONDO"},"content":{"rendered":"<p><div class=\"fusion-fullwidth fullwidth-box fusion-builder-row-1 fusion-flex-container fusion-parallax-none nonhundred-percent-fullwidth non-hundred-percent-height-scrolling\" style=\"--awb-border-radius-top-left:0px;--awb-border-radius-top-right:0px;--awb-border-radius-bottom-right:0px;--awb-border-radius-bottom-left:0px;--awb-padding-top:45px;--awb-background-color:#eeeeee;--awb-background-image:linear-gradient(180deg, rgba(255,255,255,0.8) 0%,rgba(255,255,255,0.8) 100%),url(https:\/\/dev.tritor.it\/wp-content\/uploads\/2021\/05\/8.jpg);;--awb-background-size:cover;--awb-flex-wrap:wrap;\" ><div class=\"fusion-builder-row fusion-row fusion-flex-align-items-flex-start fusion-flex-justify-content-center fusion-flex-content-wrap\" style=\"max-width:calc( 1180px + 0px );margin-left: calc(-0px \/ 2 );margin-right: calc(-0px \/ 2 );\"><div class=\"fusion-layout-column fusion_builder_column fusion-builder-column-0 fusion_builder_column_2_3 2_3 fusion-flex-column fusion-animated\" style=\"--awb-bg-size:cover;--awb-width-large:66.666666666667%;--awb-margin-top-large:85px;--awb-spacing-right-large:0px;--awb-margin-bottom-large:60px;--awb-spacing-left-large:0px;--awb-width-medium:100%;--awb-spacing-right-medium:0px;--awb-spacing-left-medium:0px;--awb-width-small:100%;--awb-spacing-right-small:0px;--awb-spacing-left-small:0px;\" data-animationType=\"zoomIn\" data-animationDuration=\"0.9\" data-animationOffset=\"top-into-view\"><div class=\"fusion-column-wrapper fusion-flex-justify-content-flex-start fusion-content-layout-column\"><div class=\"fusion-title title fusion-title-1 fusion-sep-none fusion-title-center fusion-title-text fusion-title-size-one\" style=\"--awb-font-size:35px;\"><h1 class=\"fusion-title-heading title-heading-center fusion-responsive-typography-calculated\" style=\"margin:0;font-size:1em;--fontSize:35;line-height:1.05;\"><strong><span style=\"color: #333645;\">ECOMONDO 2023<\/span><\/strong><\/h1><\/div><div class=\"fusion-separator\" style=\"align-self: center;margin-left: auto;margin-right: auto;margin-top:16px;margin-bottom:36px;width:100%;max-width:24%;\"><div class=\"fusion-separator-border sep-single\" style=\"--awb-height:20px;--awb-amount:20px;border-color:#5e6276;border-top-width:2px;\"><\/div><\/div><\/div><\/div><div class=\"fusion-layout-column fusion_builder_column fusion-builder-column-1 fusion_builder_column_2_3 2_3 fusion-flex-column\" style=\"--awb-bg-blend:overlay;--awb-bg-size:cover;--awb-width-large:66.666666666667%;--awb-margin-top-large:0px;--awb-spacing-right-large:0px;--awb-margin-bottom-large:0px;--awb-spacing-left-large:0px;--awb-width-medium:100%;--awb-order-medium:0;--awb-spacing-right-medium:0px;--awb-spacing-left-medium:0px;--awb-width-small:100%;--awb-order-small:0;--awb-spacing-right-small:0px;--awb-spacing-left-small:0px;\"><div class=\"fusion-column-wrapper fusion-column-has-shadow fusion-flex-justify-content-center fusion-content-layout-column\"><div class=\"fusion-section-separator section-separator big-half-circle fusion-section-separator-1\" style=\"--awb-spacer-height:99px;--awb-svg-margin-left:0px;--awb-svg-margin-right:0px;--awb-svg-margin-left-medium:0px;--awb-svg-margin-right-medium:0px;--awb-svg-margin-left-small:0px;--awb-svg-margin-right-small:0px;--awb-divider-height:99px;--awb-spacer-padding-top:inherit;--awb-sep-padding:0;--awb-svg-padding:0;\"><div class=\"fusion-section-separator-svg\"><svg class=\"fusion-big-half-circle-candy\" xmlns=\"http:\/\/www.w3.org\/2000\/svg\" version=\"1.1\" width=\"100%\" height=\"100\" viewBox=\"0 0 100 100\" preserveAspectRatio=\"none\" fill=\"rgba(255,255,255,1)\"><path d=\"M0 100 C40 0 60 0 100 100 Z\"><\/path><\/svg><\/div><div class=\"fusion-section-separator-spacer\"><div class=\"fusion-section-separator-spacer-height\"><\/div><\/div><\/div><\/div><\/div><\/div><\/div><div class=\"fusion-fullwidth fullwidth-box fusion-builder-row-2 fusion-flex-container nonhundred-percent-fullwidth non-hundred-percent-height-scrolling\" style=\"--awb-border-radius-top-left:0px;--awb-border-radius-top-right:0px;--awb-border-radius-bottom-right:0px;--awb-border-radius-bottom-left:0px;--awb-padding-top:0px;--awb-padding-right:7%;--awb-padding-bottom:0px;--awb-padding-left:7%;--awb-background-color:#ffffff;--awb-flex-wrap:wrap;\" ><div class=\"fusion-builder-row fusion-row fusion-flex-align-items-flex-start fusion-flex-justify-content-center fusion-flex-content-wrap\" style=\"max-width:1227.2px;margin-left: calc(-4% \/ 2 );margin-right: calc(-4% \/ 2 );\"><div class=\"fusion-layout-column fusion_builder_column fusion-builder-column-2 fusion_builder_column_1_1 1_1 fusion-flex-column\" style=\"--awb-bg-size:cover;--awb-width-large:100%;--awb-margin-top-large:0px;--awb-spacing-right-large:9.6%;--awb-margin-bottom-large:0px;--awb-spacing-left-large:9.6%;--awb-width-medium:100%;--awb-spacing-right-medium:1.92%;--awb-margin-bottom-medium:24px;--awb-spacing-left-medium:1.92%;--awb-width-small:100%;--awb-spacing-right-small:1.92%;--awb-spacing-left-small:1.92%;\"><div class=\"fusion-column-wrapper fusion-flex-justify-content-center fusion-content-layout-block\"><div class=\"fusion-separator\" style=\"align-self: center;margin-left: auto;margin-right: auto;margin-top:16px;margin-bottom:16px;width:100%;max-width:24%;\"><div class=\"fusion-separator-border sep-single\" style=\"--awb-height:20px;--awb-amount:20px;border-color:#5e6276;border-top-width:2px;\"><\/div><\/div><div class=\"fusion-title title fusion-title-2 fusion-sep-none fusion-title-center fusion-title-text fusion-title-size-one\" style=\"--awb-text-color:#000000;--awb-font-size:35px;\"><h1 class=\"fusion-title-heading title-heading-center fusion-responsive-typography-calculated\" style=\"margin:0;font-size:1em;--fontSize:35;line-height:1.05;\">TE ESPERAMOS<strong> ENECOMONDO<\/strong><\/h1><\/div><div class=\"fusion-image-element fusion-image-align-center in-legacy-container\" style=\"text-align:center;--awb-margin-bottom:2%;--awb-max-width:50%;--awb-caption-title-font-family:var(--h2_typography-font-family);--awb-caption-title-font-weight:var(--h2_typography-font-weight);--awb-caption-title-font-style:var(--h2_typography-font-style);--awb-caption-title-size:var(--h2_typography-font-size);--awb-caption-title-transform:var(--h2_typography-text-transform);--awb-caption-title-line-height:var(--h2_typography-line-height);--awb-caption-title-letter-spacing:var(--h2_typography-letter-spacing);\"><div class=\"imageframe-align-center\"><span class=\" fusion-imageframe imageframe-none imageframe-1 hover-type-none\"><img decoding=\"async\" width=\"500\" height=\"100\" title=\"eco23_logo_pos_trasp@2x\" src=\"https:\/\/dev.tritor.it\/wp-content\/uploads\/2023\/10\/eco23_logo_pos_trasp@2x.png\" alt class=\"img-responsive wp-image-4532\" srcset=\"https:\/\/dev.tritor.it\/wp-content\/uploads\/2023\/10\/eco23_logo_pos_trasp@2x-200x40.png 200w, https:\/\/dev.tritor.it\/wp-content\/uploads\/2023\/10\/eco23_logo_pos_trasp@2x-400x80.png 400w, https:\/\/dev.tritor.it\/wp-content\/uploads\/2023\/10\/eco23_logo_pos_trasp@2x.png 500w\" sizes=\"(max-width: 1000px) 100vw, (max-width: 640px) 100vw, 500px\" \/><\/span><\/div><\/div><div class=\"fusion-text fusion-text-1\" style=\"--awb-text-color:#000000;\"><p style=\"text-align: center;\"><strong>7 &#8211; 10 de noviembre de 2023 | Centro de exposiciones de R\u00edmini<\/strong><\/p>\n<\/div><div class=\"fusion-title title fusion-title-3 fusion-sep-none fusion-title-center fusion-title-text fusion-title-size-three\" style=\"--awb-text-color:#000000;--awb-margin-top:0px;--awb-font-size:25px;\"><h3 class=\"fusion-title-heading title-heading-center fusion-responsive-typography-calculated\" style=\"margin:0;font-size:1em;--fontSize:25;--minFontSize:25;line-height:1.15;\">Pad. <b>A2 <\/b>&#8211; Stand n.<strong>020<\/strong><\/h3><\/div><div class=\"fusion-text fusion-text-2\"><p style=\"text-align: center;\">Ser\u00e1 una oportunidad \u00fanica para acompa\u00f1arte en el descubrimiento de nuestras tecnolog\u00edas.<br \/>\n<b>Tritor\u00ae, Tritor Energy\u00ae y Tritor Hospital Waste Station\u00ae<\/b>:<br \/>\nNuestro compromiso de transformar los residuos en un recurso valioso para el medio ambiente contin\u00faa.<\/p>\n<\/div><div class=\"fusion-text fusion-text-3\"><p style=\"text-align: center;\">Llene el siguiente formulario de registro para recibir su invitaci\u00f3n, sujeto a la aprobaci\u00f3n de la solicitud por parte de la Gerencia. Una vez registrado, si tu solicitud ha sido aprobada, recibir\u00e1s un correo electr\u00f3nico de confirmaci\u00f3n con toda la informaci\u00f3n necesaria para acceder a la reuni\u00f3n.<\/p>\n<\/div><div class=\"fusion-form fusion-form-builder fusion-form-form-wrapper fusion-form-4534\" style=\"--awb-tooltip-text-color:#ffffff;--awb-tooltip-background-color:#333333;--awb-form-placeholder-color:rgba(0,0,0,0.5);--awb-form-text-color:#000000;--awb-form-border-color:#607d8b;--awb-form-focus-border-color:#607d8b;--awb-form-focus-border-hover-color:rgba(96,125,139,0.5);--awb-form-border-radius:38px;\" data-form-id=\"4534\" data-config=\"{&quot;form_id&quot;:4534,&quot;form_post_id&quot;:4534,&quot;post_id&quot;:4544,&quot;form_type&quot;:&quot;ajax&quot;,&quot;confirmation_type&quot;:&quot;message&quot;,&quot;redirect_url&quot;:&quot;&quot;,&quot;field_labels&quot;:{&quot;name&quot;:&quot;&quot;,&quot;piva&quot;:&quot;&quot;,&quot;indirizzo&quot;:&quot;&quot;,&quot;pec&quot;:&quot;&quot;,&quot;Sitoweb&quot;:&quot;&quot;,&quot;referente&quot;:&quot;&quot;,&quot;phone_number&quot;:&quot;&quot;,&quot;email_address&quot;:&quot;&quot;,&quot;settore&quot;:&quot;&quot;,&quot;termini_e_condizioni&quot;:&quot;&quot;},&quot;field_logics&quot;:{&quot;name&quot;:&quot;&quot;,&quot;piva&quot;:&quot;&quot;,&quot;indirizzo&quot;:&quot;&quot;,&quot;pec&quot;:&quot;&quot;,&quot;Sitoweb&quot;:&quot;&quot;,&quot;referente&quot;:&quot;&quot;,&quot;phone_number&quot;:&quot;&quot;,&quot;email_address&quot;:&quot;&quot;,&quot;settore&quot;:&quot;&quot;,&quot;termini_e_condizioni&quot;:&quot;&quot;,&quot;notice_1&quot;:&quot;&quot;},&quot;field_types&quot;:{&quot;name&quot;:&quot;text&quot;,&quot;piva&quot;:&quot;text&quot;,&quot;indirizzo&quot;:&quot;text&quot;,&quot;pec&quot;:&quot;email&quot;,&quot;Sitoweb&quot;:&quot;text&quot;,&quot;referente&quot;:&quot;text&quot;,&quot;phone_number&quot;:&quot;phone_number&quot;,&quot;email_address&quot;:&quot;email&quot;,&quot;settore&quot;:&quot;text&quot;,&quot;termini_e_condizioni&quot;:&quot;checkbox&quot;,&quot;submit_1&quot;:&quot;submit&quot;,&quot;notice_1&quot;:&quot;notice&quot;},&quot;nonce_method&quot;:&quot;ajax&quot;}\"><form action=\"https:\/\/dev.tritor.it\/es\/ti-aspettiamo-a-ecomondo\/\" method=\"post\" class=\"fusion-form fusion-form-4534\"><div class=\"fusion-fullwidth fullwidth-box fusion-builder-row-2-1 fusion-flex-container nonhundred-percent-fullwidth non-hundred-percent-height-scrolling\" style=\"--awb-border-radius-top-left:0px;--awb-border-radius-top-right:0px;--awb-border-radius-bottom-right:0px;--awb-border-radius-bottom-left:0px;--awb-padding-top:0px;--awb-padding-right:0px;--awb-padding-bottom:0px;--awb-padding-left:0px;--awb-margin-top:0px;--awb-margin-bottom:0px;--awb-flex-wrap:wrap;\" ><div class=\"fusion-builder-row fusion-row fusion-flex-align-items-flex-start fusion-flex-content-wrap\" style=\"width:104% !important;max-width:104% !important;margin-left: calc(-4% \/ 2 );margin-right: calc(-4% \/ 2 );\"><div class=\"fusion-layout-column fusion_builder_column fusion-builder-column-3 fusion_builder_column_1_1 1_1 fusion-flex-column\" style=\"--awb-bg-size:cover;--awb-width-large:100%;--awb-margin-top-large:15px;--awb-spacing-right-large:1.92%;--awb-margin-bottom-large:0px;--awb-spacing-left-large:1.92%;--awb-width-medium:100%;--awb-order-medium:0;--awb-spacing-right-medium:1.92%;--awb-spacing-left-medium:1.92%;--awb-width-small:100%;--awb-order-small:0;--awb-spacing-right-small:1.92%;--awb-spacing-left-small:1.92%;\"><div class=\"fusion-column-wrapper fusion-column-has-shadow fusion-flex-justify-content-flex-start fusion-content-layout-column\"><div class=\"fusion-form-field fusion-form-text-field fusion-form-label-above\" style=\"\" data-form-id=\"4534\"><input type=\"text\" name=\"name\" id=\"name\" value=\"\"  class=\"fusion-form-input\" required=\"true\" aria-required=\"true\" placeholder=\"Ragione Sociale della tua Societ\u00e0*\" data-holds-private-data=\"false\" minlength=\"0\"\/><\/div><div class=\"fusion-form-field fusion-form-text-field fusion-form-label-above\" style=\"\" data-form-id=\"4534\"><input type=\"text\" name=\"piva\" id=\"piva\" value=\"\"  class=\"fusion-form-input\" required=\"true\" aria-required=\"true\" placeholder=\"Partita IVA della tua Societ\u00e0*\" data-holds-private-data=\"false\" minlength=\"0\"\/><\/div><div class=\"fusion-form-field fusion-form-text-field fusion-form-label-above\" style=\"\" data-form-id=\"4534\"><input type=\"text\" name=\"indirizzo\" id=\"indirizzo\" value=\"\"  class=\"fusion-form-input\" required=\"true\" aria-required=\"true\" placeholder=\"Indirizzo fisico della sede legale della tua Societ\u00e0*\" data-holds-private-data=\"false\" minlength=\"0\"\/><\/div><div class=\"fusion-form-field fusion-form-email-field fusion-form-label-above\" style=\"\" data-form-id=\"4534\"><input type=\"email\" name=\"pec\" id=\"pec\" value=\"\"  class=\"fusion-form-input\" required=\"true\" aria-required=\"true\" placeholder=\"Indirizzo di posta elettronica certificata (PEC) della tua Societ\u00e0*\" data-holds-private-data=\"false\"\/><\/div><div class=\"fusion-form-field fusion-form-text-field fusion-form-label-above\" style=\"\" data-form-id=\"4534\"><input type=\"text\" name=\"Sitoweb\" id=\"Sitoweb\" value=\"\"  class=\"fusion-form-input\" placeholder=\"Sito Web della tua Societ\u00e0\" data-holds-private-data=\"false\" minlength=\"0\"\/><\/div><div class=\"fusion-form-field fusion-form-text-field fusion-form-label-above\" style=\"\" data-form-id=\"4534\"><input type=\"text\" name=\"referente\" id=\"referente\" value=\"\"  class=\"fusion-form-input\" required=\"true\" aria-required=\"true\" placeholder=\"Nome e Cognome Referente*\" data-holds-private-data=\"false\" minlength=\"0\"\/><\/div><div class=\"fusion-form-field fusion-form-phone-number-field fusion-form-label-above\" style=\"\" data-form-id=\"4534\"><input type=\"tel\" name=\"phone_number\" id=\"phone_number\" value=\"\"  class=\"fusion-form-input\" required=\"true\" aria-required=\"true\" placeholder=\"Telefono*\" data-holds-private-data=\"false\"\/><\/div><div class=\"fusion-form-field fusion-form-email-field fusion-form-label-above\" style=\"\" data-form-id=\"4534\"><input type=\"email\" name=\"email_address\" id=\"email_address\" value=\"\"  class=\"fusion-form-input\" required=\"true\" aria-required=\"true\" placeholder=\"Email*\" data-holds-private-data=\"false\"\/><\/div><div class=\"fusion-form-field fusion-form-text-field fusion-form-label-above\" style=\"\" data-form-id=\"4534\"><input type=\"text\" name=\"settore\" id=\"settore\" value=\"\"  class=\"fusion-form-input\" placeholder=\"Settore\" data-holds-private-data=\"false\" minlength=\"0\"\/><\/div><div class=\"fusion-text fusion-text-4\"><p>*I campi contrassegnati con l\u2019asterisco sono obbligatori.<\/p>\n<\/div>\n<div class=\"fusion-form-field fusion-form-checkbox-field fusion-form-label-above\" style=\"\" data-form-id=\"4534\"><fieldset><div class=\"fusion-form-checkbox\"><input tabindex=\"\" id=\"checkbox-termini_e_condizioni-1-0\" type=\"checkbox\" value=\"Autorizzo il trattamento dei dati personali inseriti unicamente per le finalit\u00e0 sopra indicate.\" name=\"termini_e_condizioni[]\" class=\"fusion-form-input\" required=\"true\" aria-required=\"true\" data-holds-private-data=\"false\"\/><label for=\"checkbox-termini_e_condizioni-1-0\">Autorizzo il trattamento dei dati personali inseriti unicamente per le finalit\u00e0 sopra indicate.<\/label><\/div><\/fieldset><\/div><div class=\"fusion-form-field fusion-form-submit-field fusion-form-label-above\" style=\"\" data-form-id=\"4534\"><div ><button type=\"submit\" class=\"fusion-button button-flat fusion-button-default-size button-custom fusion-button-default button-1 fusion-button-span-no  form-form-submit button-default\" style=\"--button_accent_color:#ffffff;--button_accent_hover_color:#ffffff;--button_border_hover_color:#ffffff;--button_gradient_top_color:#71bf45;--button_gradient_bottom_color:#71bf45;--button_gradient_top_color_hover:#71bf45;--button_gradient_bottom_color_hover:#71bf45;\" data-form-number=\"4534\" tabindex=\"\"><span class=\"fusion-button-text\">Invia<\/span><\/button><\/div><\/div><div class=\"form-submission-notices data-notice_1\" id=\"fusion-notices-1\"><div class=\"fusion-alert alert success alert-success fusion-alert-center fusion-form-response fusion-form-response-success awb-alert-native-link-color alert-dismissable awb-alert-close-boxed\" role=\"alert\"><div class=\"fusion-alert-content-wrapper\"><span class=\"alert-icon\"><i class=\"awb-icon-check-circle\" aria-hidden=\"true\"><\/i><\/span><span class=\"fusion-alert-content\">Messaggio inviato! Grazie<\/span><\/div><button type=\"button\" class=\"close toggle-alert\" data-dismiss=\"alert\" aria-label=\"Close\">&times;<\/button><\/div><div class=\"fusion-alert alert error alert-danger fusion-alert-center fusion-form-response fusion-form-response-error awb-alert-native-link-color alert-dismissable awb-alert-close-boxed\" role=\"alert\"><div class=\"fusion-alert-content-wrapper\"><span class=\"alert-icon\"><i class=\"awb-icon-exclamation-triangle\" aria-hidden=\"true\"><\/i><\/span><span class=\"fusion-alert-content\">C'\u00e8 stato un errore nell'invio del messaggio<\/span><\/div><button type=\"button\" class=\"close toggle-alert\" data-dismiss=\"alert\" aria-label=\"Close\">&times;<\/button><\/div><\/div><\/div><\/div><\/div><\/div><\/form><\/div><div class=\"fusion-image-element fusion-image-align-center in-legacy-container\" style=\"text-align:center;--awb-caption-title-font-family:var(--h2_typography-font-family);--awb-caption-title-font-weight:var(--h2_typography-font-weight);--awb-caption-title-font-style:var(--h2_typography-font-style);--awb-caption-title-size:var(--h2_typography-font-size);--awb-caption-title-transform:var(--h2_typography-text-transform);--awb-caption-title-line-height:var(--h2_typography-line-height);--awb-caption-title-letter-spacing:var(--h2_typography-letter-spacing);\"><div class=\"imageframe-align-center\"><span class=\" fusion-imageframe imageframe-none imageframe-2 hover-type-none\"><img decoding=\"async\" width=\"800\" height=\"474\" title=\"footer\" src=\"https:\/\/dev.tritor.it\/wp-content\/uploads\/2023\/09\/footer.jpg\" alt class=\"img-responsive wp-image-4234\" srcset=\"https:\/\/dev.tritor.it\/wp-content\/uploads\/2023\/09\/footer-200x119.jpg 200w, https:\/\/dev.tritor.it\/wp-content\/uploads\/2023\/09\/footer-400x237.jpg 400w, https:\/\/dev.tritor.it\/wp-content\/uploads\/2023\/09\/footer-600x356.jpg 600w, https:\/\/dev.tritor.it\/wp-content\/uploads\/2023\/09\/footer.jpg 800w\" sizes=\"(max-width: 1000px) 100vw, (max-width: 640px) 100vw, 800px\" \/><\/span><\/div><\/div><\/div><\/div><\/div><\/div><\/p>\n","protected":false},"excerpt":{"rendered":"","protected":false},"author":1,"featured_media":0,"parent":0,"menu_order":0,"comment_status":"closed","ping_status":"closed","template":"100-width.php","meta":{"footnotes":""},"class_list":["post-4544","page","type-page","status-publish","hentry"],"_links":{"self":[{"href":"https:\/\/dev.tritor.it\/es\/wp-json\/wp\/v2\/pages\/4544","targetHints":{"allow":["GET"]}}],"collection":[{"href":"https:\/\/dev.tritor.it\/es\/wp-json\/wp\/v2\/pages"}],"about":[{"href":"https:\/\/dev.tritor.it\/es\/wp-json\/wp\/v2\/types\/page"}],"author":[{"embeddable":true,"href":"https:\/\/dev.tritor.it\/es\/wp-json\/wp\/v2\/users\/1"}],"replies":[{"embeddable":true,"href":"https:\/\/dev.tritor.it\/es\/wp-json\/wp\/v2\/comments?post=4544"}],"version-history":[{"count":2,"href":"https:\/\/dev.tritor.it\/es\/wp-json\/wp\/v2\/pages\/4544\/revisions"}],"predecessor-version":[{"id":4546,"href":"https:\/\/dev.tritor.it\/es\/wp-json\/wp\/v2\/pages\/4544\/revisions\/4546"}],"wp:attachment":[{"href":"https:\/\/dev.tritor.it\/es\/wp-json\/wp\/v2\/media?parent=4544"}],"curies":[{"name":"wp","href":"https:\/\/api.w.org\/{rel}","templated":true}]}}