{"id":4099,"date":"2023-05-08T18:21:34","date_gmt":"2023-05-08T16:21:34","guid":{"rendered":"https:\/\/dev.tritor.it\/?page_id=4099"},"modified":"2023-05-09T12:10:36","modified_gmt":"2023-05-09T10:10:36","slug":"tritor-energy","status":"publish","type":"page","link":"https:\/\/dev.tritor.it\/es\/tritor-energy\/","title":{"rendered":"Tritor Energy"},"content":{"rendered":"<p><div class=\"fusion-fullwidth fullwidth-box fusion-builder-row-1 fusion-flex-container fusion-parallax-none nonhundred-percent-fullwidth non-hundred-percent-height-scrolling\" style=\"--awb-border-radius-top-left:0px;--awb-border-radius-top-right:0px;--awb-border-radius-bottom-right:0px;--awb-border-radius-bottom-left:0px;--awb-padding-top:45px;--awb-background-color:#eeeeee;--awb-background-image:linear-gradient(180deg, rgba(255,255,255,0.8) 0%,rgba(255,255,255,0.8) 100%),url(https:\/\/dev.tritor.it\/wp-content\/uploads\/2021\/05\/8.jpg);;--awb-background-size:cover;--awb-flex-wrap:wrap;\" ><div class=\"fusion-builder-row fusion-row fusion-flex-align-items-flex-start fusion-flex-justify-content-center fusion-flex-content-wrap\" style=\"max-width:calc( 1180px + 0px );margin-left: calc(-0px \/ 2 );margin-right: calc(-0px \/ 2 );\"><div class=\"fusion-layout-column fusion_builder_column fusion-builder-column-0 fusion_builder_column_2_3 2_3 fusion-flex-column fusion-animated\" style=\"--awb-bg-size:cover;--awb-width-large:66.666666666667%;--awb-margin-top-large:85px;--awb-spacing-right-large:0px;--awb-margin-bottom-large:60px;--awb-spacing-left-large:0px;--awb-width-medium:100%;--awb-spacing-right-medium:0px;--awb-spacing-left-medium:0px;--awb-width-small:100%;--awb-spacing-right-small:0px;--awb-spacing-left-small:0px;\" data-animationType=\"zoomIn\" data-animationDuration=\"0.9\" data-animationOffset=\"top-into-view\"><div class=\"fusion-column-wrapper fusion-flex-justify-content-flex-start fusion-content-layout-column\"><div class=\"fusion-title title fusion-title-1 fusion-sep-none fusion-title-center fusion-title-text fusion-title-size-one\"><h1 class=\"fusion-title-heading title-heading-center fusion-responsive-typography-calculated\" style=\"margin:0;--fontSize:68;line-height:1.05;\"><strong><span style=\"color: #333645;\">TRITOR ENERGY<\/span><\/strong><\/h1><\/div><div class=\"fusion-separator\" style=\"align-self: center;margin-left: auto;margin-right: auto;margin-top:16px;margin-bottom:36px;width:100%;max-width:24%;\"><div class=\"fusion-separator-border sep-single\" style=\"--awb-height:20px;--awb-amount:20px;border-color:#5e6276;border-top-width:2px;\"><\/div><\/div><\/div><\/div><div class=\"fusion-layout-column fusion_builder_column fusion-builder-column-1 fusion_builder_column_1_1 1_1 fusion-flex-column\" style=\"--awb-bg-blend:overlay;--awb-bg-size:cover;--awb-width-large:100%;--awb-margin-top-large:0px;--awb-spacing-right-large:0px;--awb-margin-bottom-large:0px;--awb-spacing-left-large:0px;--awb-width-medium:100%;--awb-spacing-right-medium:0px;--awb-spacing-left-medium:0px;--awb-width-small:100%;--awb-spacing-right-small:0px;--awb-spacing-left-small:0px;\"><div class=\"fusion-column-wrapper fusion-flex-justify-content-center fusion-content-layout-column\"><div class=\"fusion-section-separator section-separator big-half-circle fusion-section-separator-1\" style=\"--awb-spacer-height:99px;--awb-svg-margin-left:0px;--awb-svg-margin-right:0px;--awb-svg-margin-left-medium:0px;--awb-svg-margin-right-medium:0px;--awb-svg-margin-left-small:0px;--awb-svg-margin-right-small:0px;--awb-divider-height:99px;--awb-spacer-padding-top:inherit;--awb-sep-padding:0;--awb-svg-padding:0;\"><div class=\"fusion-section-separator-svg\"><svg class=\"fusion-big-half-circle-candy\" xmlns=\"http:\/\/www.w3.org\/2000\/svg\" version=\"1.1\" width=\"100%\" height=\"100\" viewBox=\"0 0 100 100\" preserveAspectRatio=\"none\" fill=\"rgba(255,255,255,1)\"><path d=\"M0 100 C40 0 60 0 100 100 Z\"><\/path><\/svg><\/div><div class=\"fusion-section-separator-spacer\"><div class=\"fusion-section-separator-spacer-height\"><\/div><\/div><\/div><\/div><\/div><\/div><\/div><div class=\"fusion-fullwidth fullwidth-box fusion-builder-row-2 fusion-flex-container nonhundred-percent-fullwidth non-hundred-percent-height-scrolling\" style=\"--awb-border-radius-top-left:0px;--awb-border-radius-top-right:0px;--awb-border-radius-bottom-right:0px;--awb-border-radius-bottom-left:0px;--awb-padding-top:0px;--awb-padding-right:7%;--awb-padding-bottom:0px;--awb-padding-left:7%;--awb-background-color:#ffffff;--awb-flex-wrap:wrap;\" ><div class=\"fusion-builder-row fusion-row fusion-flex-align-items-flex-start fusion-flex-content-wrap\" style=\"max-width:1227.2px;margin-left: calc(-4% \/ 2 );margin-right: calc(-4% \/ 2 );\"><div class=\"fusion-layout-column fusion_builder_column fusion-builder-column-2 fusion_builder_column_1_1 1_1 fusion-flex-column\" style=\"--awb-bg-size:cover;--awb-width-large:100%;--awb-margin-top-large:0px;--awb-spacing-right-large:9.6%;--awb-margin-bottom-large:0px;--awb-spacing-left-large:9.6%;--awb-width-medium:100%;--awb-spacing-right-medium:1.92%;--awb-margin-bottom-medium:24px;--awb-spacing-left-medium:1.92%;--awb-width-small:100%;--awb-spacing-right-small:1.92%;--awb-spacing-left-small:1.92%;\"><div class=\"fusion-column-wrapper fusion-flex-justify-content-flex-start fusion-content-layout-column\"><div class=\"fusion-image-element \" style=\"text-align:center;--awb-margin-top:20px;--awb-margin-bottom:20px;--awb-max-width:450px;--awb-caption-title-font-family:var(--h2_typography-font-family);--awb-caption-title-font-weight:var(--h2_typography-font-weight);--awb-caption-title-font-style:var(--h2_typography-font-style);--awb-caption-title-size:var(--h2_typography-font-size);--awb-caption-title-transform:var(--h2_typography-text-transform);--awb-caption-title-line-height:var(--h2_typography-line-height);--awb-caption-title-letter-spacing:var(--h2_typography-letter-spacing);\"><span class=\" fusion-imageframe imageframe-none imageframe-1 hover-type-none\"><img decoding=\"async\" width=\"1749\" height=\"685\" title=\"TritorEnergy_logo_ESE-01\" src=\"https:\/\/dev.tritor.it\/wp-content\/uploads\/2021\/10\/TritorEnergy_logo_ESE-01.png\" alt class=\"img-responsive wp-image-3951\" srcset=\"https:\/\/dev.tritor.it\/wp-content\/uploads\/2021\/10\/TritorEnergy_logo_ESE-01-200x78.png 200w, https:\/\/dev.tritor.it\/wp-content\/uploads\/2021\/10\/TritorEnergy_logo_ESE-01-400x157.png 400w, https:\/\/dev.tritor.it\/wp-content\/uploads\/2021\/10\/TritorEnergy_logo_ESE-01-600x235.png 600w, https:\/\/dev.tritor.it\/wp-content\/uploads\/2021\/10\/TritorEnergy_logo_ESE-01-800x313.png 800w, https:\/\/dev.tritor.it\/wp-content\/uploads\/2021\/10\/TritorEnergy_logo_ESE-01-1200x470.png 1200w, https:\/\/dev.tritor.it\/wp-content\/uploads\/2021\/10\/TritorEnergy_logo_ESE-01.png 1749w\" sizes=\"(max-width: 1000px) 100vw, (max-width: 640px) 100vw, 1200px\" \/><\/span><\/div><div class=\"fusion-title title fusion-title-2 fusion-sep-none fusion-title-center fusion-title-text fusion-title-size-two\" style=\"--awb-text-color:#58585a;--awb-margin-top:0px;\"><h2 class=\"fusion-title-heading title-heading-center fusion-responsive-typography-calculated\" style=\"margin:0;--fontSize:44;line-height:1.05;\"><p style=\"text-align: center;\">Una marca de Calidad<\/p><\/h2><\/div><div class=\"fusion-separator\" style=\"align-self: center;margin-left: auto;margin-right: auto;margin-top:16px;margin-bottom:36px;width:100%;max-width:24%;\"><div class=\"fusion-separator-border sep-single\" style=\"--awb-height:20px;--awb-amount:20px;border-color:#5e6276;border-top-width:2px;\"><\/div><\/div><\/div><\/div><\/div><\/div><div class=\"fusion-fullwidth fullwidth-box fusion-builder-row-3 fusion-flex-container nonhundred-percent-fullwidth non-hundred-percent-height-scrolling\" style=\"--awb-border-radius-top-left:0px;--awb-border-radius-top-right:0px;--awb-border-radius-bottom-right:0px;--awb-border-radius-bottom-left:0px;--awb-padding-top:0px;--awb-padding-right:7%;--awb-padding-bottom:0px;--awb-padding-left:7%;--awb-background-color:#ffffff;--awb-flex-wrap:wrap;\" ><div class=\"fusion-builder-row fusion-row fusion-flex-align-items-flex-start fusion-flex-content-wrap\" style=\"max-width:1227.2px;margin-left: calc(-4% \/ 2 );margin-right: calc(-4% \/ 2 );\"><div class=\"fusion-layout-column fusion_builder_column fusion-builder-column-3 fusion_builder_column_1_1 1_1 fusion-flex-column\" style=\"--awb-bg-size:cover;--awb-width-large:100%;--awb-margin-top-large:0px;--awb-spacing-right-large:9.6%;--awb-margin-bottom-large:0px;--awb-spacing-left-large:9.6%;--awb-width-medium:100%;--awb-spacing-right-medium:1.92%;--awb-margin-bottom-medium:24px;--awb-spacing-left-medium:1.92%;--awb-width-small:100%;--awb-spacing-right-small:1.92%;--awb-spacing-left-small:1.92%;\"><div class=\"fusion-column-wrapper fusion-flex-justify-content-flex-start fusion-content-layout-column\"><div class=\"fusion-text fusion-text-1\" style=\"--awb-text-color:#000000;\"><p>La <b>transici\u00f3n energ\u00e9tica<\/b> es una matriz din\u00e1mica de procesos que responde a la necesidad de <b>mitigar el cambio clim\u00e1tico<\/b>, generando las oportunidades que lleven a un cambio de paradigma. La transici\u00f3n energ\u00e9tica es un <b>reto ambicioso<\/b> y, al mismo tiempo, un <b>motor de innovaci\u00f3n<\/b> a nivel tecnol\u00f3gico-industrial y socioecon\u00f3mico.<\/p>\n<p>El CSR es definido por el art\u00edculo 183, apdo. 1, letra cc) del Decreto Legislativo 152\/2006, C\u00f3digo de Medio Ambiente, como el combustible s\u00f3lido producido a partir de residuos no peligrosos que cumple las caracter\u00edsticas de clasificaci\u00f3n y especificaci\u00f3n identificadas en la norma t\u00e9cnica UNI EN 15359.<\/p>\n<p>En concreto, el <b>CSR procede principalmente del tratamiento de RSU (Residuos S\u00f3lidos Urbanos) de la fracci\u00f3n resto<\/b>, fracci\u00f3n que, en el estado actual de las tecnolog\u00edas disponibles para la gesti\u00f3n de residuos, no puede ser objeto de reutilizaci\u00f3n o recuperaci\u00f3n de materia.<\/p>\n<p>De este modo, la combusti\u00f3n combinada de CSR en hornos para la producci\u00f3n de cemento <b>permite cerrar de manera virtuosa el ciclo de la recogida selectiva<\/b>.<\/p>\n<p><b>Los RSU de la fracci\u00f3n resto<\/b>, para ser clasificados como CSR y ser valorizados energ\u00e9ticamente despu\u00e9s en la cementera, <b>son sometidos a una serie de tratamientos f\u00edsicos y qu\u00edmicos<\/b>. Su cantidad se reduce mediante la <b>bioestabilizaci\u00f3n<\/b>, que elimina la carga bacteriana y la humedad residual, con lo que tambi\u00e9n mejora el poder calor\u00edfico del combustible. A continuaci\u00f3n, los residuos se <b>desferrizan y se limpian del material inerte presente<\/b> (recuperando as\u00ed la fracci\u00f3n met\u00e1lica) y, por \u00faltimo, se <b>descloruran y se trituran finamente<\/b> para mejorar la cin\u00e9tica de combusti\u00f3n, con lo que tambi\u00e9n se mejora el perfil de emisiones. <b>El resultado es un combustible noble a todos los efectos<\/b>, que proporciona las calor\u00edas necesarias para la producci\u00f3n de cl\u00ednker, el componente predominante del cemento.<\/p>\n<p>La norma <b>UNI EN 15359<\/b> clasifica los CSR en funci\u00f3n de los valores l\u00edmite asumidos por tres importantes par\u00e1metros del combustible, estrat\u00e9gicos desde el punto de vista ambiental, tecnol\u00f3gico y prestacional\/econ\u00f3mico:<\/p>\n<ul>\n<li>El valor medio del Poder Calor\u00edfico Inferior \u2013 PCI (par\u00e1metro comercial)<\/li>\n<li>El valor medio del contenido de cloro (par\u00e1metro del proceso)<\/li>\n<li>El valor de la mediana y del 80\u00b0 percentil del contenido de mercurio (par\u00e1metro ambiental)<\/li>\n<\/ul>\n<p>En funci\u00f3n de sus valores, estos par\u00e1metros entran en una de las clases, que van de 1 a 5, identificadas por la norma. La combinaci\u00f3n de los n\u00fameros de clase de los tres par\u00e1metros define el \u00abc\u00f3digo de clase\u00bb del CSR, que debe incluirse en la especificaci\u00f3n del combustible.<\/p>\n<p>Un <b>estudio reciente del Laboratorio REF Ricerche<\/b> ha estimado las <b>ventajas <\/b>que se obtendr\u00edan en Italia <b>aplicando una tasa de sustituci\u00f3n del 66 % de los combustibles f\u00f3siles por CSR-Combustible<\/b>, en l\u00ednea con la obtenida en 2017 por Alemania. El estudio ha demostrado que <b>se evitar\u00eda la emisi\u00f3n a la atm\u00f3sfera de 6,8 millones de toneladas equivalentes de CO2<\/b> gracias a la biomasa que contienen y a las emisiones de metano evitadas por el hecho de que los residuos, en lugar de enviarse a vertedero, son valorizados energ\u00e9ticamente por la industria cementera.<\/p>\n<p>Por otro lado, en lo que respecta a las <b>ventajas sociales y econ\u00f3micas<\/b>, el apoyo al cierre del ciclo de residuos que ofrecen las plantas de producci\u00f3n de cemento del pa\u00eds, a trav\u00e9s de la combusti\u00f3n combinada de CSR, tambi\u00e9n supone un beneficio para las comunidades, ya que <b>disminuye los costes de gesti\u00f3n de los residuos urbanos<\/b>, que se reflejan directamente en el impuesto que pagan los usuarios.<\/p>\n<p>Tambi\u00e9n en relaci\u00f3n con los costes energ\u00e9ticos y, por tanto, en favor de la competitividad de las empresas, el uso de CSR <b>reduce significativamente el coste de las calor\u00edas utilizadas para la cocci\u00f3n del cl\u00ednker<\/b>, en comparaci\u00f3n con el uso de combustibles f\u00f3siles.<\/p>\n<p style=\"text-align: center;\">En este contexto nace <b>TRITOR ENERGY<\/b>,<br \/><span style=\"font-family: var(--body_typography-font-family); font-size: var(--body_typography-font-size); font-style: var(--body_typography-font-style,normal); font-weight: var(--body_typography-font-weight); letter-spacing: var(--body_typography-letter-spacing);\">una marca de calidad que hace que los residuos tratados con la tecnolog\u00eda Tritor sean reconocibles en comparaci\u00f3n con el CSR producido con tecnolog\u00edas mucho menos eficientes en t\u00e9rminos de producci\u00f3n y calidad del producto terminado.<\/span><\/p>\n<\/div><\/div><\/div><\/div><\/div><div class=\"fusion-fullwidth fullwidth-box fusion-builder-row-4 fusion-flex-container nonhundred-percent-fullwidth non-hundred-percent-height-scrolling\" style=\"--awb-border-radius-top-left:0px;--awb-border-radius-top-right:0px;--awb-border-radius-bottom-right:0px;--awb-border-radius-bottom-left:0px;--awb-padding-top:0px;--awb-padding-bottom:70px;--awb-background-color:#ffffff;--awb-flex-wrap:wrap;\" ><div class=\"fusion-builder-row fusion-row fusion-flex-align-items-flex-start fusion-flex-justify-content-center fusion-flex-content-wrap\" style=\"max-width:1227.2px;margin-left: calc(-4% \/ 2 );margin-right: calc(-4% \/ 2 );\"><div class=\"fusion-layout-column fusion_builder_column fusion-builder-column-4 fusion_builder_column_1_1 1_1 fusion-flex-column\" style=\"--awb-bg-size:cover;--awb-width-large:100%;--awb-margin-top-large:15px;--awb-spacing-right-large:1.92%;--awb-margin-bottom-large:15px;--awb-spacing-left-large:1.92%;--awb-width-medium:100%;--awb-order-medium:0;--awb-spacing-right-medium:1.92%;--awb-spacing-left-medium:1.92%;--awb-width-small:100%;--awb-order-small:0;--awb-spacing-right-small:1.92%;--awb-spacing-left-small:1.92%;\"><div class=\"fusion-column-wrapper fusion-column-has-shadow fusion-flex-justify-content-flex-start fusion-content-layout-column\"><div class=\"fusion-text fusion-text-2\" style=\"--awb-text-color:#000000;\"><p style=\"text-align: center;\">Los <b>Residuos <\/b>se convierten as\u00ed en un <b>Recurso <\/b>porque pueden<br \/>\ntransformarse en excelentes combustibles, para ser utilizados, por ejemplo, en:<\/p>\n<\/div><\/div><\/div><div class=\"fusion-layout-column fusion_builder_column fusion-builder-column-5 fusion_builder_column_1_4 1_4 fusion-flex-column\" style=\"--awb-bg-size:cover;--awb-width-large:25%;--awb-margin-top-large:15px;--awb-spacing-right-large:7.68%;--awb-margin-bottom-large:45px;--awb-spacing-left-large:7.68%;--awb-width-medium:100%;--awb-spacing-right-medium:1.92%;--awb-margin-bottom-medium:24px;--awb-spacing-left-medium:1.92%;--awb-width-small:50%;--awb-spacing-right-small:3.84%;--awb-spacing-left-small:3.84%;\"><div class=\"fusion-column-wrapper fusion-flex-justify-content-flex-start fusion-content-layout-column\"><div class=\"fusion-lottie fusion-lottie-1\" data-id=\"1\"><div class=\"fusion-lottie-animation\" data-path=\"https:\/\/dev.tritor.it\/wp-content\/uploads\/2021\/09\/cemento.json\" data-loop=\"0\" data-reverse=\"0\" data-speed=\"1\" data-trigger=\"none\"><lottie-player speed=\"1\"><\/lottie-player><\/div><\/div><div class=\"fusion-title title fusion-title-3 fusion-title-center fusion-title-text fusion-title-size-two\" style=\"--awb-text-color:#58585a;--awb-font-size:25px;\"><div class=\"title-sep-container title-sep-container-left\"><div class=\"title-sep sep-single sep-solid\" style=\"border-color:#5e6276;\"><\/div><\/div><span class=\"awb-title-spacer\"><\/span><h2 class=\"fusion-title-heading title-heading-center fusion-responsive-typography-calculated\" style=\"font-family:&quot;Raleway&quot;;font-style:normal;font-weight:700;margin:0;font-size:1em;--fontSize:25;--minFontSize:25;line-height:1.05;\"><strong>F\u00e1bricas de cemento<\/strong><\/h2><span class=\"awb-title-spacer\"><\/span><div class=\"title-sep-container title-sep-container-right\"><div class=\"title-sep sep-single sep-solid\" style=\"border-color:#5e6276;\"><\/div><\/div><\/div><\/div><\/div><div class=\"fusion-layout-column fusion_builder_column fusion-builder-column-6 fusion_builder_column_1_4 1_4 fusion-flex-column\" style=\"--awb-bg-size:cover;--awb-width-large:25%;--awb-margin-top-large:15px;--awb-spacing-right-large:7.68%;--awb-margin-bottom-large:45px;--awb-spacing-left-large:7.68%;--awb-width-medium:100%;--awb-spacing-right-medium:1.92%;--awb-margin-bottom-medium:24px;--awb-spacing-left-medium:1.92%;--awb-width-small:50%;--awb-spacing-right-small:3.84%;--awb-spacing-left-small:3.84%;\"><div class=\"fusion-column-wrapper fusion-flex-justify-content-flex-start fusion-content-layout-column\"><div class=\"fusion-lottie fusion-lottie-2\" data-id=\"2\"><div class=\"fusion-lottie-animation\" data-path=\"https:\/\/dev.tritor.it\/wp-content\/uploads\/2021\/09\/industrie-energia.json\" data-loop=\"0\" data-reverse=\"0\" data-speed=\"1.0\" data-trigger=\"none\"><lottie-player speed=\"1.0\"><\/lottie-player><\/div><\/div><div class=\"fusion-title title fusion-title-4 fusion-title-center fusion-title-text fusion-title-size-two\" style=\"--awb-text-color:#58585a;--awb-font-size:25px;\"><div class=\"title-sep-container title-sep-container-left\"><div class=\"title-sep sep-single sep-solid\" style=\"border-color:#5e6276;\"><\/div><\/div><span class=\"awb-title-spacer\"><\/span><h2 class=\"fusion-title-heading title-heading-center fusion-responsive-typography-calculated\" style=\"font-family:&quot;Raleway&quot;;font-style:normal;font-weight:700;margin:0;font-size:1em;--fontSize:25;--minFontSize:25;line-height:1.05;\">Industrias con alto consumo energ\u00e9tico<\/h2><span class=\"awb-title-spacer\"><\/span><div class=\"title-sep-container title-sep-container-right\"><div class=\"title-sep sep-single sep-solid\" style=\"border-color:#5e6276;\"><\/div><\/div><\/div><\/div><\/div><div class=\"fusion-layout-column fusion_builder_column fusion-builder-column-7 fusion_builder_column_1_4 1_4 fusion-flex-column\" style=\"--awb-bg-size:cover;--awb-width-large:25%;--awb-margin-top-large:15px;--awb-spacing-right-large:7.68%;--awb-margin-bottom-large:45px;--awb-spacing-left-large:7.68%;--awb-width-medium:100%;--awb-spacing-right-medium:1.92%;--awb-margin-bottom-medium:24px;--awb-spacing-left-medium:1.92%;--awb-width-small:50%;--awb-spacing-right-small:3.84%;--awb-spacing-left-small:3.84%;\"><div class=\"fusion-column-wrapper fusion-flex-justify-content-flex-start fusion-content-layout-column\"><div class=\"fusion-lottie fusion-lottie-3\" data-id=\"3\"><div class=\"fusion-lottie-animation\" data-path=\"https:\/\/dev.tritor.it\/wp-content\/uploads\/2021\/09\/centrale-elettrica.json\" data-loop=\"0\" data-reverse=\"0\" data-speed=\"1\" data-trigger=\"none\"><lottie-player speed=\"1\"><\/lottie-player><\/div><\/div><div class=\"fusion-title title fusion-title-5 fusion-title-center fusion-title-text fusion-title-size-two\" style=\"--awb-text-color:#58585a;--awb-font-size:25px;\"><div class=\"title-sep-container title-sep-container-left\"><div class=\"title-sep sep-single sep-solid\" style=\"border-color:#5e6276;\"><\/div><\/div><span class=\"awb-title-spacer\"><\/span><h2 class=\"fusion-title-heading title-heading-center fusion-responsive-typography-calculated\" style=\"font-family:&quot;Raleway&quot;;font-style:normal;font-weight:700;margin:0;font-size:1em;--fontSize:25;--minFontSize:25;line-height:1.05;\">Centrales el\u00e9ctricas<\/h2><span class=\"awb-title-spacer\"><\/span><div class=\"title-sep-container title-sep-container-right\"><div class=\"title-sep sep-single sep-solid\" style=\"border-color:#5e6276;\"><\/div><\/div><\/div><\/div><\/div><div class=\"fusion-layout-column fusion_builder_column fusion-builder-column-8 fusion_builder_column_1_4 1_4 fusion-flex-column\" style=\"--awb-bg-size:cover;--awb-width-large:25%;--awb-margin-top-large:15px;--awb-spacing-right-large:7.68%;--awb-margin-bottom-large:45px;--awb-spacing-left-large:7.68%;--awb-width-medium:100%;--awb-spacing-right-medium:1.92%;--awb-margin-bottom-medium:24px;--awb-spacing-left-medium:1.92%;--awb-width-small:50%;--awb-spacing-right-small:3.84%;--awb-spacing-left-small:3.84%;\"><div class=\"fusion-column-wrapper fusion-flex-justify-content-flex-start fusion-content-layout-column\"><div class=\"fusion-lottie fusion-lottie-4\" data-id=\"4\" style=\"--awb-margin-bottom:30px;\"><div class=\"fusion-lottie-animation\" data-path=\"https:\/\/dev.tritor.it\/wp-content\/uploads\/2021\/09\/agricoltura.json\" data-loop=\"0\" data-reverse=\"0\" data-speed=\"1\" data-trigger=\"none\"><lottie-player speed=\"1\"><\/lottie-player><\/div><\/div><div class=\"fusion-title title fusion-title-6 fusion-sep-none fusion-title-center fusion-title-text fusion-title-size-two\" style=\"--awb-text-color:#58585a;--awb-font-size:25px;\"><h2 class=\"fusion-title-heading title-heading-center fusion-responsive-typography-calculated\" style=\"font-family:&quot;Raleway&quot;;font-style:normal;font-weight:700;margin:0;font-size:1em;--fontSize:25;--minFontSize:25;line-height:1.05;\">Industrias agr\u00edcolas<\/h2><\/div><\/div><\/div><\/div><\/div><\/p>\n","protected":false},"excerpt":{"rendered":"","protected":false},"author":1,"featured_media":0,"parent":0,"menu_order":0,"comment_status":"closed","ping_status":"closed","template":"100-width.php","meta":{"footnotes":""},"class_list":["post-4099","page","type-page","status-publish","hentry"],"_links":{"self":[{"href":"https:\/\/dev.tritor.it\/es\/wp-json\/wp\/v2\/pages\/4099","targetHints":{"allow":["GET"]}}],"collection":[{"href":"https:\/\/dev.tritor.it\/es\/wp-json\/wp\/v2\/pages"}],"about":[{"href":"https:\/\/dev.tritor.it\/es\/wp-json\/wp\/v2\/types\/page"}],"author":[{"embeddable":true,"href":"https:\/\/dev.tritor.it\/es\/wp-json\/wp\/v2\/users\/1"}],"replies":[{"embeddable":true,"href":"https:\/\/dev.tritor.it\/es\/wp-json\/wp\/v2\/comments?post=4099"}],"version-history":[{"count":4,"href":"https:\/\/dev.tritor.it\/es\/wp-json\/wp\/v2\/pages\/4099\/revisions"}],"predecessor-version":[{"id":4142,"href":"https:\/\/dev.tritor.it\/es\/wp-json\/wp\/v2\/pages\/4099\/revisions\/4142"}],"wp:attachment":[{"href":"https:\/\/dev.tritor.it\/es\/wp-json\/wp\/v2\/media?parent=4099"}],"curies":[{"name":"wp","href":"https:\/\/api.w.org\/{rel}","templated":true}]}}